{"id":7313,"date":"2024-06-06T07:52:22","date_gmt":"2024-06-06T07:52:22","guid":{"rendered":"https:\/charging-stations\/"},"modified":"2024-06-17T17:19:42","modified_gmt":"2024-06-17T17:19:42","slug":"ladestationen","status":"publish","type":"page","link":"https:\/\/bhn-energies.com\/de\/ladestationen\/","title":{"rendered":"Ladestationen"},"content":{"rendered":"\t\t<div data-elementor-type=\"wp-page\" data-elementor-id=\"7313\" class=\"elementor elementor-7313\">\n\t\t\t\t\t\t<section class=\"elementor-section elementor-top-section elementor-element elementor-element-1e173e23 elementor-section-boxed elementor-section-height-default elementor-section-height-default\" data-id=\"1e173e23\" data-element_type=\"section\">\n\t\t\t\t\t\t<div class=\"elementor-container elementor-column-gap-default\">\n\t\t\t\t\t<div class=\"elementor-column elementor-col-100 elementor-top-column elementor-element elementor-element-49e8628d\" data-id=\"49e8628d\" data-element_type=\"column\">\n\t\t\t<div class=\"elementor-widget-wrap elementor-element-populated\">\n\t\t\t\t\t\t<div class=\"elementor-element elementor-element-60abc513 elementor-widget elementor-widget-spacer\" data-id=\"60abc513\" data-element_type=\"widget\" data-widget_type=\"spacer.default\">\n\t\t\t\t<div class=\"elementor-widget-container\">\n\t\t\t\t\t\t\t<div class=\"elementor-spacer\">\n\t\t\t<div class=\"elementor-spacer-inner\"><\/div>\n\t\t<\/div>\n\t\t\t\t\t\t<\/div>\n\t\t\t\t<\/div>\n\t\t\t\t<div class=\"elementor-element elementor-element-2610b4e6 elementor-widget elementor-widget-heading\" data-id=\"2610b4e6\" data-element_type=\"widget\" data-widget_type=\"heading.default\">\n\t\t\t\t<div class=\"elementor-widget-container\">\n\t\t\t\t\t<h3 class=\"elementor-heading-title elementor-size-default\">L\u00f6sungen f\u00fcr Ladestationen f\u00fcr Elektrofahrzeuge<\/h3>\t\t\t\t<\/div>\n\t\t\t\t<\/div>\n\t\t\t\t\t<\/div>\n\t\t<\/div>\n\t\t\t\t\t<\/div>\n\t\t<\/section>\n\t\t\t\t<section class=\"elementor-section elementor-top-section elementor-element elementor-element-5049672e elementor-section-boxed elementor-section-height-default elementor-section-height-default\" data-id=\"5049672e\" data-element_type=\"section\">\n\t\t\t\t\t\t<div class=\"elementor-container elementor-column-gap-default\">\n\t\t\t\t\t<div class=\"elementor-column elementor-col-100 elementor-top-column elementor-element elementor-element-87f2d8c\" data-id=\"87f2d8c\" data-element_type=\"column\">\n\t\t\t<div class=\"elementor-widget-wrap elementor-element-populated\">\n\t\t\t\t\t\t<div class=\"elementor-element elementor-element-3433f356 elementor-widget elementor-widget-spacer\" data-id=\"3433f356\" data-element_type=\"widget\" data-widget_type=\"spacer.default\">\n\t\t\t\t<div class=\"elementor-widget-container\">\n\t\t\t\t\t\t\t<div class=\"elementor-spacer\">\n\t\t\t<div class=\"elementor-spacer-inner\"><\/div>\n\t\t<\/div>\n\t\t\t\t\t\t<\/div>\n\t\t\t\t<\/div>\n\t\t\t\t\t<\/div>\n\t\t<\/div>\n\t\t\t\t\t<\/div>\n\t\t<\/section>\n\t\t\t\t<section class=\"elementor-section elementor-top-section elementor-element elementor-element-778004de elementor-section-boxed elementor-section-height-default elementor-section-height-default\" data-id=\"778004de\" data-element_type=\"section\">\n\t\t\t\t\t\t<div class=\"elementor-container elementor-column-gap-default\">\n\t\t\t\t\t<div class=\"elementor-column elementor-col-100 elementor-top-column elementor-element elementor-element-9dc0d20\" data-id=\"9dc0d20\" data-element_type=\"column\">\n\t\t\t<div class=\"elementor-widget-wrap elementor-element-populated\">\n\t\t\t\t\t\t<div class=\"elementor-element elementor-element-4b8fd6e6 elementor-widget elementor-widget-text-editor\" data-id=\"4b8fd6e6\" data-element_type=\"widget\" data-widget_type=\"text-editor.default\">\n\t\t\t\t<div class=\"elementor-widget-container\">\n\t\t\t\t\t\t\t\t\t<p><span style=\"font-weight: 400;\">In einer Zeit, in der Nachhaltigkeit und Innovation die Zukunft bestimmen,<span style=\"color: #008000;\"> nimmt die Verbreitung von Elektrofahrzeugen (EVs) rapide zu<\/span>. Um diesen gr\u00fcnen Wandel zu unterst\u00fctzen, bietet BHN Global Energies innovative<\/span><b>ve Ladestationen f\u00fcr Elektrofahrzeuge<\/b><span style=\"font-weight: 400;\"> L\u00f6sungen, die verl\u00e4sslich, effizient und zug\u00e4nglich sind.<\/span><\/p>\n\t\t\t\t\t\t\t\t<\/div>\n\t\t\t\t<\/div>\n\t\t\t\t\t<\/div>\n\t\t<\/div>\n\t\t\t\t\t<\/div>\n\t\t<\/section>\n\t\t\t\t<section class=\"elementor-section elementor-top-section elementor-element elementor-element-7aa4b31 elementor-section-boxed elementor-section-height-default elementor-section-height-default\" data-id=\"7aa4b31\" data-element_type=\"section\">\n\t\t\t\t\t\t<div class=\"elementor-container elementor-column-gap-default\">\n\t\t\t\t\t<div class=\"elementor-column elementor-col-100 elementor-top-column elementor-element elementor-element-5b87b463\" data-id=\"5b87b463\" data-element_type=\"column\">\n\t\t\t<div class=\"elementor-widget-wrap elementor-element-populated\">\n\t\t\t\t\t\t<div class=\"elementor-element elementor-element-258f39d9 elementor-widget elementor-widget-spacer\" data-id=\"258f39d9\" data-element_type=\"widget\" data-widget_type=\"spacer.default\">\n\t\t\t\t<div class=\"elementor-widget-container\">\n\t\t\t\t\t\t\t<div class=\"elementor-spacer\">\n\t\t\t<div class=\"elementor-spacer-inner\"><\/div>\n\t\t<\/div>\n\t\t\t\t\t\t<\/div>\n\t\t\t\t<\/div>\n\t\t\t\t\t<\/div>\n\t\t<\/div>\n\t\t\t\t\t<\/div>\n\t\t<\/section>\n\t\t<div class=\"elementor-element elementor-element-ad48011 e-grid e-con-boxed e-con e-parent\" data-id=\"ad48011\" data-element_type=\"container\">\n\t\t\t\t\t<div class=\"e-con-inner\">\n\t\t\t\t<div class=\"elementor-element elementor-element-a91e3e3 elementor-widget elementor-widget-image\" data-id=\"a91e3e3\" data-element_type=\"widget\" data-widget_type=\"image.default\">\n\t\t\t\t<div class=\"elementor-widget-container\">\n\t\t\t\t\t\t\t\t\t\t\t\t\t\t\t<img fetchpriority=\"high\" decoding=\"async\" width=\"1024\" height=\"432\" src=\"https:\/\/bhn-energies.com\/wp-content\/uploads\/2024\/06\/HOME-EV-CHARGER-INSTALLATION-1-1024x432.png\" class=\"attachment-large size-large wp-image-6545\" alt=\"HOME-EV-CHARGER-INSTALLATION\" srcset=\"https:\/\/bhn-energies.com\/wp-content\/uploads\/2024\/06\/HOME-EV-CHARGER-INSTALLATION-1-1024x432.png 1024w, https:\/\/bhn-energies.com\/wp-content\/uploads\/2024\/06\/HOME-EV-CHARGER-INSTALLATION-1-300x126.png 300w, https:\/\/bhn-energies.com\/wp-content\/uploads\/2024\/06\/HOME-EV-CHARGER-INSTALLATION-1-768x324.png 768w, https:\/\/bhn-energies.com\/wp-content\/uploads\/2024\/06\/HOME-EV-CHARGER-INSTALLATION-1-1080x455.png 1080w, https:\/\/bhn-energies.com\/wp-content\/uploads\/2024\/06\/HOME-EV-CHARGER-INSTALLATION-1.png 1326w\" sizes=\"(max-width: 1024px) 100vw, 1024px\" \/>\t\t\t\t\t\t\t\t\t\t\t\t\t\t\t<\/div>\n\t\t\t\t<\/div>\n\t\t\t\t\t<\/div>\n\t\t\t\t<\/div>\n\t\t\t\t<section class=\"elementor-section elementor-top-section elementor-element elementor-element-58c78ec elementor-section-boxed elementor-section-height-default elementor-section-height-default\" data-id=\"58c78ec\" data-element_type=\"section\">\n\t\t\t\t\t\t<div class=\"elementor-container elementor-column-gap-default\">\n\t\t\t\t\t<div class=\"elementor-column elementor-col-100 elementor-top-column elementor-element elementor-element-69627d18\" data-id=\"69627d18\" data-element_type=\"column\">\n\t\t\t<div class=\"elementor-widget-wrap elementor-element-populated\">\n\t\t\t\t\t\t<div class=\"elementor-element elementor-element-5bbd39a8 elementor-widget elementor-widget-spacer\" data-id=\"5bbd39a8\" data-element_type=\"widget\" data-widget_type=\"spacer.default\">\n\t\t\t\t<div class=\"elementor-widget-container\">\n\t\t\t\t\t\t\t<div class=\"elementor-spacer\">\n\t\t\t<div class=\"elementor-spacer-inner\"><\/div>\n\t\t<\/div>\n\t\t\t\t\t\t<\/div>\n\t\t\t\t<\/div>\n\t\t\t\t\t<\/div>\n\t\t<\/div>\n\t\t\t\t\t<\/div>\n\t\t<\/section>\n\t\t\t\t<section class=\"elementor-section elementor-top-section elementor-element elementor-element-36767eca elementor-section-boxed elementor-section-height-default elementor-section-height-default\" data-id=\"36767eca\" data-element_type=\"section\">\n\t\t\t\t\t\t<div class=\"elementor-container elementor-column-gap-default\">\n\t\t\t\t\t<div class=\"elementor-column elementor-col-100 elementor-top-column elementor-element elementor-element-17767828\" data-id=\"17767828\" data-element_type=\"column\">\n\t\t\t<div class=\"elementor-widget-wrap elementor-element-populated\">\n\t\t\t\t\t\t<div class=\"elementor-element elementor-element-1a19685f elementor-widget elementor-widget-heading\" data-id=\"1a19685f\" data-element_type=\"widget\" data-widget_type=\"heading.default\">\n\t\t\t\t<div class=\"elementor-widget-container\">\n\t\t\t\t\t<h4 class=\"elementor-heading-title elementor-size-default\">Unsere L\u00f6sungen<\/h4>\t\t\t\t<\/div>\n\t\t\t\t<\/div>\n\t\t\t\t\t<\/div>\n\t\t<\/div>\n\t\t\t\t\t<\/div>\n\t\t<\/section>\n\t\t\t\t<section class=\"elementor-section elementor-top-section elementor-element elementor-element-6d0095f9 elementor-section-boxed elementor-section-height-default elementor-section-height-default\" data-id=\"6d0095f9\" data-element_type=\"section\">\n\t\t\t\t\t\t<div class=\"elementor-container elementor-column-gap-default\">\n\t\t\t\t\t<div class=\"elementor-column elementor-col-100 elementor-top-column elementor-element elementor-element-3dac6bd1\" data-id=\"3dac6bd1\" data-element_type=\"column\">\n\t\t\t<div class=\"elementor-widget-wrap elementor-element-populated\">\n\t\t\t\t\t\t<div class=\"elementor-element elementor-element-145a916e elementor-widget elementor-widget-spacer\" data-id=\"145a916e\" data-element_type=\"widget\" data-widget_type=\"spacer.default\">\n\t\t\t\t<div class=\"elementor-widget-container\">\n\t\t\t\t\t\t\t<div class=\"elementor-spacer\">\n\t\t\t<div class=\"elementor-spacer-inner\"><\/div>\n\t\t<\/div>\n\t\t\t\t\t\t<\/div>\n\t\t\t\t<\/div>\n\t\t\t\t\t<\/div>\n\t\t<\/div>\n\t\t\t\t\t<\/div>\n\t\t<\/section>\n\t\t\t\t<section class=\"elementor-section elementor-top-section elementor-element elementor-element-5b0385c3 elementor-section-boxed elementor-section-height-default elementor-section-height-default\" data-id=\"5b0385c3\" data-element_type=\"section\">\n\t\t\t\t\t\t<div class=\"elementor-container elementor-column-gap-default\">\n\t\t\t\t\t<div class=\"elementor-column elementor-col-100 elementor-top-column elementor-element elementor-element-32b614a8\" data-id=\"32b614a8\" data-element_type=\"column\">\n\t\t\t<div class=\"elementor-widget-wrap elementor-element-populated\">\n\t\t\t\t\t\t<div class=\"elementor-element elementor-element-45625dc8 elementor-widget elementor-widget-text-editor\" data-id=\"45625dc8\" data-element_type=\"widget\" data-widget_type=\"text-editor.default\">\n\t\t\t\t<div class=\"elementor-widget-container\">\n\t\t\t\t\t\t\t\t\t<ul class=\"irecco_check irecco_hyphen\">\n<li style=\"line-height: 30px; margin-bottom: 12px;\"><b>Schnell- und Ultra-Schnell-Ladestationen<br \/><\/b>Unsere Schnell- und Ultra-Schnell-Ladestationen sind so konzipiert, dass sie die Ausfallzeiten minimieren, so dass die Besitzer von Elektrofahrzeugen ihre Fahrzeuge schnell aufladen k\u00f6nnen und in k\u00fcrzester Zeit wieder auf der Stra\u00dfe sind. Mit einer Leistung von 50 kW bis 350 kW sind wir auf alle Arten von Elektrofahrzeugen eingestellt und sorgen f\u00fcr ein reibungsloses Ladeerlebnis.<\/li>\n<li style=\"line-height: 30px; margin-bottom: 12px;\"><b>Intelligente Ladel\u00f6sungen<\/b><br \/>Unsere intelligenten Ladestationen sind mit fortschrittlicher Technologie ausgestattet, die ein dynamisches Energiemanagement, Fern\u00fcberwachung und benutzerfreundliche Schnittstellen erm\u00f6glicht. Diese Funktionen optimieren nicht nur den Energieverbrauch, sondern bieten den Nutzern auch Echtzeitdaten und Kontrolle \u00fcber ihre Ladevorg\u00e4nge.<\/li>\n<li style=\"line-height: 30px; margin-bottom: 12px;\"><b>Ladestationen f\u00fcr Privathaushalte<br \/><\/b>Wir bieten bequeme und kosteng\u00fcnstige Ladel\u00f6sungen f\u00fcr Privathaushalte, die es den Besitzern von Elektrofahrzeugen leicht machen, ihre Fahrzeuge \u00fcber Nacht aufzuladen. Unsere Ladestationen f\u00fcr Privathaushalte sind kompakt, einfach zu installieren und werden mit verschiedenen Stromversorgungsoptionen angeboten, um den individuellen Bed\u00fcrfnissen gerecht zu werden.<br \/>benutzerfreundliche Schnittstellen. Diese Funktionen optimieren nicht nur den Energieverbrauch, sondern bieten den Nutzern auch Echtzeitdaten und Kontrolle \u00fcber ihre Ladevorg\u00e4nge.<\/li>\n<li style=\"line-height: 30px; margin-bottom: 12px;\"><b>Kommerzielle und \u00f6ffentliche Ladeinfrastruktur<br \/><\/b>Unsere kommerziellen und \u00f6ffentlichen Ladel\u00f6sungen sind ideal f\u00fcr Unternehmen, Gemeinden und \u00f6ffentliche Einrichtungen. Diese Stationen sind f\u00fcr eine hohe Auslastung ausgelegt und k\u00f6nnen in Zahlungssysteme integriert werden. Damit eignen sie sich perfekt f\u00fcr Parkpl\u00e4tze, Einkaufszentren und andere \u00f6ffentliche Einrichtungen.<\/li>\n<li style=\"line-height: 30px; margin-bottom: 12px;\"><b>Integration erneuerbarer Energien<br \/><\/b>Wir glauben an einen umfassenden Ansatz f\u00fcr Nachhaltigkeit. Unsere Ladestationen k\u00f6nnen mit erneuerbaren Energiequellen wie Solar- und Windenergie verbunden werden, wodurch der Kohlenstoff-Fu\u00dfabdruck reduziert und die Nutzung sauberer Energie gef\u00f6rdert wird.<\/li>\n<li aria-level=\"1\"><b>24\/7 Kundensupport und Wartung<\/b><b><br \/><\/b>Unser Engagement f\u00fcr die Zufriedenheit unserer Kunden geht \u00fcber die Installation hinaus. Wir bieten 24\/7-Support und Wartungsdienste, um sicherzustellen, dass unsere Ladestationen immer betriebsbereit sind und alle Probleme umgehend behoben werden.<\/li>\n<\/ul>\n\t\t\t\t\t\t\t\t<\/div>\n\t\t\t\t<\/div>\n\t\t\t\t\t<\/div>\n\t\t<\/div>\n\t\t\t\t\t<\/div>\n\t\t<\/section>\n\t\t\t\t<\/div>\n\t\t","protected":false},"excerpt":{"rendered":"<p>L\u00f6sungen f\u00fcr Ladestationen f\u00fcr Elektrofahrzeuge In einer Zeit, in der Nachhaltigkeit und Innovation die Zukunft bestimmen, nimmt die Verbreitung von Elektrofahrzeugen (EVs) rapide zu. Um diesen gr\u00fcnen Wandel zu unterst\u00fctzen, bietet BHN Global Energies innovativeve Ladestationen f\u00fcr Elektrofahrzeuge L\u00f6sungen, die verl\u00e4sslich, effizient und zug\u00e4nglich sind. Unsere L\u00f6sungen Schnell- und Ultra-Schnell-LadestationenUnsere Schnell- und Ultra-Schnell-Ladestationen sind so [&hellip;]<\/p>\n","protected":false},"author":5,"featured_media":0,"parent":0,"menu_order":0,"comment_status":"closed","ping_status":"closed","template":"","meta":{"nf_dc_page":"","footnotes":""},"class_list":["post-7313","page","type-page","status-publish","hentry"],"yoast_head":"<!-- This site is optimized with the Yoast SEO plugin v24.4 - https:\/\/yoast.com\/wordpress\/plugins\/seo\/ -->\n<title>Ladestationen - bhn-energies.com<\/title>\n<meta name=\"robots\" content=\"index, follow, max-snippet:-1, max-image-preview:large, max-video-preview:-1\" \/>\n<link rel=\"canonical\" href=\"https:\/\/bhn-energies.com\/de\/ladestationen\/\" \/>\n<meta property=\"og:locale\" content=\"de_DE\" \/>\n<meta property=\"og:type\" content=\"article\" \/>\n<meta property=\"og:title\" content=\"Ladestationen - bhn-energies.com\" \/>\n<meta property=\"og:description\" content=\"L\u00f6sungen f\u00fcr Ladestationen f\u00fcr Elektrofahrzeuge In einer Zeit, in der Nachhaltigkeit und Innovation die Zukunft bestimmen, nimmt die Verbreitung von Elektrofahrzeugen (EVs) rapide zu. Um diesen gr\u00fcnen Wandel zu unterst\u00fctzen, bietet BHN Global Energies innovativeve Ladestationen f\u00fcr Elektrofahrzeuge L\u00f6sungen, die verl\u00e4sslich, effizient und zug\u00e4nglich sind. Unsere L\u00f6sungen Schnell- und Ultra-Schnell-LadestationenUnsere Schnell- und Ultra-Schnell-Ladestationen sind so [&hellip;]\" \/>\n<meta property=\"og:url\" content=\"https:\/\/bhn-energies.com\/de\/ladestationen\/\" \/>\n<meta property=\"og:site_name\" content=\"bhn-energies.com\" \/>\n<meta property=\"article:publisher\" content=\"https:\/\/www.facebook.com\/profile.php?id=100063859522364\" \/>\n<meta property=\"article:modified_time\" content=\"2024-06-17T17:19:42+00:00\" \/>\n<meta property=\"og:image\" content=\"https:\/\/i0.wp.com\/bhn-energies.com\/wp-content\/uploads\/2024\/06\/HOME-EV-CHARGER-INSTALLATION-1.png?fit=1024%2C432&amp;ssl=1\" \/>\n<meta name=\"twitter:card\" content=\"summary_large_image\" \/>\n<meta name=\"twitter:site\" content=\"@bhn_gmbh\" \/>\n<meta name=\"twitter:label1\" content=\"Gesch\u00e4tzte Lesezeit\" \/>\n\t<meta name=\"twitter:data1\" content=\"2\u00a0Minuten\" \/>\n<script type=\"application\/ld+json\" class=\"yoast-schema-graph\">{\"@context\":\"https:\/\/schema.org\",\"@graph\":[{\"@type\":\"WebPage\",\"@id\":\"https:\/\/bhn-energies.com\/de\/ladestationen\/\",\"url\":\"https:\/\/bhn-energies.com\/de\/ladestationen\/\",\"name\":\"Ladestationen - bhn-energies.com\",\"isPartOf\":{\"@id\":\"https:\/\/purple-mongoose-255597.hostingersite.com\/en\/#website\"},\"primaryImageOfPage\":{\"@id\":\"https:\/\/bhn-energies.com\/de\/ladestationen\/#primaryimage\"},\"image\":{\"@id\":\"https:\/\/bhn-energies.com\/de\/ladestationen\/#primaryimage\"},\"thumbnailUrl\":\"https:\/\/i0.wp.com\/bhn-energies.com\/wp-content\/uploads\/2024\/06\/HOME-EV-CHARGER-INSTALLATION-1.png?fit=1024%2C432&amp;ssl=1\",\"datePublished\":\"2024-06-06T07:52:22+00:00\",\"dateModified\":\"2024-06-17T17:19:42+00:00\",\"breadcrumb\":{\"@id\":\"https:\/\/bhn-energies.com\/de\/ladestationen\/#breadcrumb\"},\"inLanguage\":\"de\",\"potentialAction\":[{\"@type\":\"ReadAction\",\"target\":[\"https:\/\/bhn-energies.com\/de\/ladestationen\/\"]}]},{\"@type\":\"ImageObject\",\"inLanguage\":\"de\",\"@id\":\"https:\/\/bhn-energies.com\/de\/ladestationen\/#primaryimage\",\"url\":\"https:\/\/i0.wp.com\/bhn-energies.com\/wp-content\/uploads\/2024\/06\/HOME-EV-CHARGER-INSTALLATION-1.png?fit=1024%2C432&amp;ssl=1\",\"contentUrl\":\"https:\/\/i0.wp.com\/bhn-energies.com\/wp-content\/uploads\/2024\/06\/HOME-EV-CHARGER-INSTALLATION-1.png?fit=1024%2C432&amp;ssl=1\"},{\"@type\":\"BreadcrumbList\",\"@id\":\"https:\/\/bhn-energies.com\/de\/ladestationen\/#breadcrumb\",\"itemListElement\":[{\"@type\":\"ListItem\",\"position\":1,\"name\":\"Home\",\"item\":\"https:\/\/bhn-energies.com\/de\/\"},{\"@type\":\"ListItem\",\"position\":2,\"name\":\"Ladestationen\"}]},{\"@type\":\"WebSite\",\"@id\":\"https:\/\/purple-mongoose-255597.hostingersite.com\/en\/#website\",\"url\":\"https:\/\/purple-mongoose-255597.hostingersite.com\/en\/\",\"name\":\"bhn-energies.com\",\"description\":\"Renewable Energy Solutions Company\",\"publisher\":{\"@id\":\"https:\/\/purple-mongoose-255597.hostingersite.com\/en\/#organization\"},\"potentialAction\":[{\"@type\":\"SearchAction\",\"target\":{\"@type\":\"EntryPoint\",\"urlTemplate\":\"https:\/\/purple-mongoose-255597.hostingersite.com\/en\/?s={search_term_string}\"},\"query-input\":{\"@type\":\"PropertyValueSpecification\",\"valueRequired\":true,\"valueName\":\"search_term_string\"}}],\"inLanguage\":\"de\"},{\"@type\":\"Organization\",\"@id\":\"https:\/\/purple-mongoose-255597.hostingersite.com\/en\/#organization\",\"name\":\"BHN Global Energies\",\"url\":\"https:\/\/purple-mongoose-255597.hostingersite.com\/en\/\",\"logo\":{\"@type\":\"ImageObject\",\"inLanguage\":\"de\",\"@id\":\"https:\/\/purple-mongoose-255597.hostingersite.com\/en\/#\/schema\/logo\/image\/\",\"url\":\"https:\/\/i0.wp.com\/bhn-energies.com\/wp-content\/uploads\/2024\/06\/cropped-logo.jpg?fit=512%2C512&ssl=1\",\"contentUrl\":\"https:\/\/i0.wp.com\/bhn-energies.com\/wp-content\/uploads\/2024\/06\/cropped-logo.jpg?fit=512%2C512&ssl=1\",\"width\":512,\"height\":512,\"caption\":\"BHN Global Energies\"},\"image\":{\"@id\":\"https:\/\/purple-mongoose-255597.hostingersite.com\/en\/#\/schema\/logo\/image\/\"},\"sameAs\":[\"https:\/\/www.facebook.com\/profile.php?id=100063859522364\",\"https:\/\/x.com\/bhn_gmbh\",\"https:\/\/www.instagram.com\/bhn_global_energies_gmbh\/\",\"https:\/\/www.linkedin.com\/in\/bhn-global-energies-gmbh-939a10311\/\"]}]}<\/script>\n<!-- \/ Yoast SEO plugin. -->","yoast_head_json":{"title":"Ladestationen - bhn-energies.com","robots":{"index":"index","follow":"follow","max-snippet":"max-snippet:-1","max-image-preview":"max-image-preview:large","max-video-preview":"max-video-preview:-1"},"canonical":"https:\/\/bhn-energies.com\/de\/ladestationen\/","og_locale":"de_DE","og_type":"article","og_title":"Ladestationen - bhn-energies.com","og_description":"L\u00f6sungen f\u00fcr Ladestationen f\u00fcr Elektrofahrzeuge In einer Zeit, in der Nachhaltigkeit und Innovation die Zukunft bestimmen, nimmt die Verbreitung von Elektrofahrzeugen (EVs) rapide zu. Um diesen gr\u00fcnen Wandel zu unterst\u00fctzen, bietet BHN Global Energies innovativeve Ladestationen f\u00fcr Elektrofahrzeuge L\u00f6sungen, die verl\u00e4sslich, effizient und zug\u00e4nglich sind. Unsere L\u00f6sungen Schnell- und Ultra-Schnell-LadestationenUnsere Schnell- und Ultra-Schnell-Ladestationen sind so [&hellip;]","og_url":"https:\/\/bhn-energies.com\/de\/ladestationen\/","og_site_name":"bhn-energies.com","article_publisher":"https:\/\/www.facebook.com\/profile.php?id=100063859522364","article_modified_time":"2024-06-17T17:19:42+00:00","og_image":[{"url":"https:\/\/i0.wp.com\/bhn-energies.com\/wp-content\/uploads\/2024\/06\/HOME-EV-CHARGER-INSTALLATION-1.png?fit=1024%2C432&amp;ssl=1","type":"","width":"","height":""}],"twitter_card":"summary_large_image","twitter_site":"@bhn_gmbh","twitter_misc":{"Gesch\u00e4tzte Lesezeit":"2\u00a0Minuten"},"schema":{"@context":"https:\/\/schema.org","@graph":[{"@type":"WebPage","@id":"https:\/\/bhn-energies.com\/de\/ladestationen\/","url":"https:\/\/bhn-energies.com\/de\/ladestationen\/","name":"Ladestationen - bhn-energies.com","isPartOf":{"@id":"https:\/\/purple-mongoose-255597.hostingersite.com\/en\/#website"},"primaryImageOfPage":{"@id":"https:\/\/bhn-energies.com\/de\/ladestationen\/#primaryimage"},"image":{"@id":"https:\/\/bhn-energies.com\/de\/ladestationen\/#primaryimage"},"thumbnailUrl":"https:\/\/i0.wp.com\/bhn-energies.com\/wp-content\/uploads\/2024\/06\/HOME-EV-CHARGER-INSTALLATION-1.png?fit=1024%2C432&amp;ssl=1","datePublished":"2024-06-06T07:52:22+00:00","dateModified":"2024-06-17T17:19:42+00:00","breadcrumb":{"@id":"https:\/\/bhn-energies.com\/de\/ladestationen\/#breadcrumb"},"inLanguage":"de","potentialAction":[{"@type":"ReadAction","target":["https:\/\/bhn-energies.com\/de\/ladestationen\/"]}]},{"@type":"ImageObject","inLanguage":"de","@id":"https:\/\/bhn-energies.com\/de\/ladestationen\/#primaryimage","url":"https:\/\/i0.wp.com\/bhn-energies.com\/wp-content\/uploads\/2024\/06\/HOME-EV-CHARGER-INSTALLATION-1.png?fit=1024%2C432&amp;ssl=1","contentUrl":"https:\/\/i0.wp.com\/bhn-energies.com\/wp-content\/uploads\/2024\/06\/HOME-EV-CHARGER-INSTALLATION-1.png?fit=1024%2C432&amp;ssl=1"},{"@type":"BreadcrumbList","@id":"https:\/\/bhn-energies.com\/de\/ladestationen\/#breadcrumb","itemListElement":[{"@type":"ListItem","position":1,"name":"Home","item":"https:\/\/bhn-energies.com\/de\/"},{"@type":"ListItem","position":2,"name":"Ladestationen"}]},{"@type":"WebSite","@id":"https:\/\/purple-mongoose-255597.hostingersite.com\/en\/#website","url":"https:\/\/purple-mongoose-255597.hostingersite.com\/en\/","name":"bhn-energies.com","description":"Renewable Energy Solutions Company","publisher":{"@id":"https:\/\/purple-mongoose-255597.hostingersite.com\/en\/#organization"},"potentialAction":[{"@type":"SearchAction","target":{"@type":"EntryPoint","urlTemplate":"https:\/\/purple-mongoose-255597.hostingersite.com\/en\/?s={search_term_string}"},"query-input":{"@type":"PropertyValueSpecification","valueRequired":true,"valueName":"search_term_string"}}],"inLanguage":"de"},{"@type":"Organization","@id":"https:\/\/purple-mongoose-255597.hostingersite.com\/en\/#organization","name":"BHN Global Energies","url":"https:\/\/purple-mongoose-255597.hostingersite.com\/en\/","logo":{"@type":"ImageObject","inLanguage":"de","@id":"https:\/\/purple-mongoose-255597.hostingersite.com\/en\/#\/schema\/logo\/image\/","url":"https:\/\/i0.wp.com\/bhn-energies.com\/wp-content\/uploads\/2024\/06\/cropped-logo.jpg?fit=512%2C512&ssl=1","contentUrl":"https:\/\/i0.wp.com\/bhn-energies.com\/wp-content\/uploads\/2024\/06\/cropped-logo.jpg?fit=512%2C512&ssl=1","width":512,"height":512,"caption":"BHN Global Energies"},"image":{"@id":"https:\/\/purple-mongoose-255597.hostingersite.com\/en\/#\/schema\/logo\/image\/"},"sameAs":["https:\/\/www.facebook.com\/profile.php?id=100063859522364","https:\/\/x.com\/bhn_gmbh","https:\/\/www.instagram.com\/bhn_global_energies_gmbh\/","https:\/\/www.linkedin.com\/in\/bhn-global-energies-gmbh-939a10311\/"]}]}},"_links":{"self":[{"href":"https:\/\/bhn-energies.com\/de\/wp-json\/wp\/v2\/pages\/7313"}],"collection":[{"href":"https:\/\/bhn-energies.com\/de\/wp-json\/wp\/v2\/pages"}],"about":[{"href":"https:\/\/bhn-energies.com\/de\/wp-json\/wp\/v2\/types\/page"}],"author":[{"embeddable":true,"href":"https:\/\/bhn-energies.com\/de\/wp-json\/wp\/v2\/users\/5"}],"replies":[{"embeddable":true,"href":"https:\/\/bhn-energies.com\/de\/wp-json\/wp\/v2\/comments?post=7313"}],"version-history":[{"count":2,"href":"https:\/\/bhn-energies.com\/de\/wp-json\/wp\/v2\/pages\/7313\/revisions"}],"predecessor-version":[{"id":7390,"href":"https:\/\/bhn-energies.com\/de\/wp-json\/wp\/v2\/pages\/7313\/revisions\/7390"}],"wp:attachment":[{"href":"https:\/\/bhn-energies.com\/de\/wp-json\/wp\/v2\/media?parent=7313"}],"curies":[{"name":"wp","href":"https:\/\/api.w.org\/{rel}","templated":true}]}}