{"id":7311,"date":"2019-12-16T10:30:35","date_gmt":"2019-12-16T10:30:35","guid":{"rendered":"https:\/solar-installations\/"},"modified":"2024-06-17T17:20:11","modified_gmt":"2024-06-17T17:20:11","slug":"solaranlagen","status":"publish","type":"page","link":"https:\/\/bhn-energies.com\/de\/solaranlagen\/","title":{"rendered":"Solaranlagen"},"content":{"rendered":"\t\t<div data-elementor-type=\"wp-page\" data-elementor-id=\"7311\" class=\"elementor elementor-7311\">\n\t\t\t\t\t\t<section class=\"elementor-section elementor-top-section elementor-element elementor-element-131e783 elementor-section-boxed elementor-section-height-default elementor-section-height-default\" data-id=\"131e783\" data-element_type=\"section\">\n\t\t\t\t\t\t<div class=\"elementor-container elementor-column-gap-default\">\n\t\t\t\t\t<div class=\"elementor-column elementor-col-100 elementor-top-column elementor-element elementor-element-3d604a9\" data-id=\"3d604a9\" data-element_type=\"column\">\n\t\t\t<div class=\"elementor-widget-wrap elementor-element-populated\">\n\t\t\t\t\t\t<div class=\"elementor-element elementor-element-78c7e96 elementor-widget elementor-widget-spacer\" data-id=\"78c7e96\" data-element_type=\"widget\" data-widget_type=\"spacer.default\">\n\t\t\t\t<div class=\"elementor-widget-container\">\n\t\t\t\t\t\t\t<div class=\"elementor-spacer\">\n\t\t\t<div class=\"elementor-spacer-inner\"><\/div>\n\t\t<\/div>\n\t\t\t\t\t\t<\/div>\n\t\t\t\t<\/div>\n\t\t\t\t<div class=\"elementor-element elementor-element-91e8f17 elementor-widget elementor-widget-heading\" data-id=\"91e8f17\" data-element_type=\"widget\" data-widget_type=\"heading.default\">\n\t\t\t\t<div class=\"elementor-widget-container\">\n\t\t\t\t\t<h3 class=\"elementor-heading-title elementor-size-default\">Solar Installations<\/h3>\t\t\t\t<\/div>\n\t\t\t\t<\/div>\n\t\t\t\t\t<\/div>\n\t\t<\/div>\n\t\t\t\t\t<\/div>\n\t\t<\/section>\n\t\t\t\t<section class=\"elementor-section elementor-top-section elementor-element elementor-element-8515b34 elementor-section-boxed elementor-section-height-default elementor-section-height-default\" data-id=\"8515b34\" data-element_type=\"section\">\n\t\t\t\t\t\t<div class=\"elementor-container elementor-column-gap-default\">\n\t\t\t\t\t<div class=\"elementor-column elementor-col-100 elementor-top-column elementor-element elementor-element-dae603b\" data-id=\"dae603b\" data-element_type=\"column\">\n\t\t\t<div class=\"elementor-widget-wrap elementor-element-populated\">\n\t\t\t\t\t\t<div class=\"elementor-element elementor-element-99edd98 elementor-widget elementor-widget-spacer\" data-id=\"99edd98\" data-element_type=\"widget\" data-widget_type=\"spacer.default\">\n\t\t\t\t<div class=\"elementor-widget-container\">\n\t\t\t\t\t\t\t<div class=\"elementor-spacer\">\n\t\t\t<div class=\"elementor-spacer-inner\"><\/div>\n\t\t<\/div>\n\t\t\t\t\t\t<\/div>\n\t\t\t\t<\/div>\n\t\t\t\t\t<\/div>\n\t\t<\/div>\n\t\t\t\t\t<\/div>\n\t\t<\/section>\n\t\t\t\t<section class=\"elementor-section elementor-top-section elementor-element elementor-element-9e1b3c6 elementor-section-boxed elementor-section-height-default elementor-section-height-default\" data-id=\"9e1b3c6\" data-element_type=\"section\">\n\t\t\t\t\t\t<div class=\"elementor-container elementor-column-gap-default\">\n\t\t\t\t\t<div class=\"elementor-column elementor-col-100 elementor-top-column elementor-element elementor-element-a28e595\" data-id=\"a28e595\" data-element_type=\"column\">\n\t\t\t<div class=\"elementor-widget-wrap elementor-element-populated\">\n\t\t\t\t\t\t<div class=\"elementor-element elementor-element-8230257 elementor-widget elementor-widget-text-editor\" data-id=\"8230257\" data-element_type=\"widget\" data-widget_type=\"text-editor.default\">\n\t\t\t\t<div class=\"elementor-widget-container\">\n\t\t\t\t\t\t\t\t\t<p>Da die Welt zunehmend auf nachhaltige Energie setzt, sind <strong>Photovoltaik (PV)-Solaranlagen zu einer Schl\u00fcsselkomponente f\u00fcr den \u00dcbergang in eine gr\u00fcnere Zukunft geworden.<\/strong> Wir von BHN Global Energies <span style=\"color: #339966;\">bieten umfassende L\u00f6sungen f\u00fcr die Installation von PV-Anlagen<\/span>, die es Privatpersonen, Unternehmen und Gemeinden erm\u00f6glichen, die Kraft der Sonne zu nutzen.<\/p>\n\t\t\t\t\t\t\t\t<\/div>\n\t\t\t\t<\/div>\n\t\t\t\t\t<\/div>\n\t\t<\/div>\n\t\t\t\t\t<\/div>\n\t\t<\/section>\n\t\t<div class=\"elementor-element elementor-element-0eee881 e-grid e-con-boxed e-con e-parent\" data-id=\"0eee881\" data-element_type=\"container\">\n\t\t\t\t\t<div class=\"e-con-inner\">\n\t\t\t\t<div class=\"elementor-element elementor-element-49a2605 elementor-widget elementor-widget-image\" data-id=\"49a2605\" data-element_type=\"widget\" data-widget_type=\"image.default\">\n\t\t\t\t<div class=\"elementor-widget-container\">\n\t\t\t\t\t\t\t\t\t\t\t\t\t\t\t<img fetchpriority=\"high\" decoding=\"async\" width=\"1024\" height=\"688\" src=\"https:\/\/bhn-energies.com\/wp-content\/uploads\/2024\/06\/Solar-Panel-shot.png\" class=\"attachment-large size-large wp-image-6536\" alt=\"\" srcset=\"https:\/\/bhn-energies.com\/wp-content\/uploads\/2024\/06\/Solar-Panel-shot.png 1024w, https:\/\/bhn-energies.com\/wp-content\/uploads\/2024\/06\/Solar-Panel-shot-300x202.png 300w, https:\/\/bhn-energies.com\/wp-content\/uploads\/2024\/06\/Solar-Panel-shot-768x516.png 768w\" sizes=\"(max-width: 1024px) 100vw, 1024px\" \/>\t\t\t\t\t\t\t\t\t\t\t\t\t\t\t<\/div>\n\t\t\t\t<\/div>\n\t\t\t\t\t<\/div>\n\t\t\t\t<\/div>\n\t\t\t\t<section class=\"elementor-section elementor-top-section elementor-element elementor-element-d0b2f52 elementor-section-boxed elementor-section-height-default elementor-section-height-default\" data-id=\"d0b2f52\" data-element_type=\"section\">\n\t\t\t\t\t\t<div class=\"elementor-container elementor-column-gap-default\">\n\t\t\t\t\t<div class=\"elementor-column elementor-col-100 elementor-top-column elementor-element elementor-element-1ff712a\" data-id=\"1ff712a\" data-element_type=\"column\">\n\t\t\t<div class=\"elementor-widget-wrap elementor-element-populated\">\n\t\t\t\t\t\t<div class=\"elementor-element elementor-element-069cbd9 elementor-widget elementor-widget-spacer\" data-id=\"069cbd9\" data-element_type=\"widget\" data-widget_type=\"spacer.default\">\n\t\t\t\t<div class=\"elementor-widget-container\">\n\t\t\t\t\t\t\t<div class=\"elementor-spacer\">\n\t\t\t<div class=\"elementor-spacer-inner\"><\/div>\n\t\t<\/div>\n\t\t\t\t\t\t<\/div>\n\t\t\t\t<\/div>\n\t\t\t\t\t<\/div>\n\t\t<\/div>\n\t\t\t\t\t<\/div>\n\t\t<\/section>\n\t\t\t\t<section class=\"elementor-section elementor-top-section elementor-element elementor-element-8b0c33e elementor-section-boxed elementor-section-height-default elementor-section-height-default\" data-id=\"8b0c33e\" data-element_type=\"section\">\n\t\t\t\t\t\t<div class=\"elementor-container elementor-column-gap-default\">\n\t\t\t\t\t<div class=\"elementor-column elementor-col-100 elementor-top-column elementor-element elementor-element-b7d62ae\" data-id=\"b7d62ae\" data-element_type=\"column\">\n\t\t\t<div class=\"elementor-widget-wrap elementor-element-populated\">\n\t\t\t\t\t\t<div class=\"elementor-element elementor-element-412c9ef elementor-widget elementor-widget-spacer\" data-id=\"412c9ef\" data-element_type=\"widget\" data-widget_type=\"spacer.default\">\n\t\t\t\t<div class=\"elementor-widget-container\">\n\t\t\t\t\t\t\t<div class=\"elementor-spacer\">\n\t\t\t<div class=\"elementor-spacer-inner\"><\/div>\n\t\t<\/div>\n\t\t\t\t\t\t<\/div>\n\t\t\t\t<\/div>\n\t\t\t\t\t<\/div>\n\t\t<\/div>\n\t\t\t\t\t<\/div>\n\t\t<\/section>\n\t\t\t\t<section class=\"elementor-section elementor-top-section elementor-element elementor-element-7b7c991 elementor-section-boxed elementor-section-height-default elementor-section-height-default\" data-id=\"7b7c991\" data-element_type=\"section\">\n\t\t\t\t\t\t<div class=\"elementor-container elementor-column-gap-default\">\n\t\t\t\t\t<div class=\"elementor-column elementor-col-100 elementor-top-column elementor-element elementor-element-e92533a\" data-id=\"e92533a\" data-element_type=\"column\">\n\t\t\t<div class=\"elementor-widget-wrap elementor-element-populated\">\n\t\t\t\t\t\t<div class=\"elementor-element elementor-element-eba1c33 elementor-widget elementor-widget-heading\" data-id=\"eba1c33\" data-element_type=\"widget\" data-widget_type=\"heading.default\">\n\t\t\t\t<div class=\"elementor-widget-container\">\n\t\t\t\t\t<h4 class=\"elementor-heading-title elementor-size-default\">Unsere L\u00f6sungen<\/h4>\t\t\t\t<\/div>\n\t\t\t\t<\/div>\n\t\t\t\t\t<\/div>\n\t\t<\/div>\n\t\t\t\t\t<\/div>\n\t\t<\/section>\n\t\t\t\t<section class=\"elementor-section elementor-top-section elementor-element elementor-element-d9ef216 elementor-section-boxed elementor-section-height-default elementor-section-height-default\" data-id=\"d9ef216\" data-element_type=\"section\">\n\t\t\t\t\t\t<div class=\"elementor-container elementor-column-gap-default\">\n\t\t\t\t\t<div class=\"elementor-column elementor-col-100 elementor-top-column elementor-element elementor-element-0b892b3\" data-id=\"0b892b3\" data-element_type=\"column\">\n\t\t\t<div class=\"elementor-widget-wrap elementor-element-populated\">\n\t\t\t\t\t\t<div class=\"elementor-element elementor-element-6717ff6 elementor-widget elementor-widget-spacer\" data-id=\"6717ff6\" data-element_type=\"widget\" data-widget_type=\"spacer.default\">\n\t\t\t\t<div class=\"elementor-widget-container\">\n\t\t\t\t\t\t\t<div class=\"elementor-spacer\">\n\t\t\t<div class=\"elementor-spacer-inner\"><\/div>\n\t\t<\/div>\n\t\t\t\t\t\t<\/div>\n\t\t\t\t<\/div>\n\t\t\t\t\t<\/div>\n\t\t<\/div>\n\t\t\t\t\t<\/div>\n\t\t<\/section>\n\t\t\t\t<section class=\"elementor-section elementor-top-section elementor-element elementor-element-b4da2bb elementor-section-boxed elementor-section-height-default elementor-section-height-default\" data-id=\"b4da2bb\" data-element_type=\"section\">\n\t\t\t\t\t\t<div class=\"elementor-container elementor-column-gap-default\">\n\t\t\t\t\t<div class=\"elementor-column elementor-col-100 elementor-top-column elementor-element elementor-element-0a3169b\" data-id=\"0a3169b\" data-element_type=\"column\">\n\t\t\t<div class=\"elementor-widget-wrap elementor-element-populated\">\n\t\t\t\t\t\t<div class=\"elementor-element elementor-element-9f89f04 elementor-widget elementor-widget-text-editor\" data-id=\"9f89f04\" data-element_type=\"widget\" data-widget_type=\"text-editor.default\">\n\t\t\t\t<div class=\"elementor-widget-container\">\n\t\t\t\t\t\t\t\t\t<ul class=\"irecco_check\">\n<li style=\"line-height: 30px; margin-bottom: 12px;\"><b>Solarsysteme f\u00fcr Privathaushalte<span style=\"white-space: pre;\"> <\/span><\/b>Wir bieten ma\u00dfgeschneiderte PV-Solarl\u00f6sungen f\u00fcr Privathaushalte, die saubere, erneuerbare Energie liefern und so die Stromrechnung und den CO2-Fu\u00dfabdruck reduzieren. Unsere Solarsysteme f\u00fcr Privathaushalte sind auf maximale Effizienz ausgelegt und f\u00fcgen sich nahtlos in die \u00c4sthetik Ihres Hauses ein.<\/li>\n<li><b>Kommerzielle Solarl\u00f6sungen<br \/><\/b> Unsere kommerziellen PV-Solaranlagen richten sich an Unternehmen jeder Gr\u00f6\u00dfe, von kleinen Betrieben bis hin zu gro\u00dfen Konzernen. Durch die Umwandlung von Sonnenlicht in Strom k\u00f6nnen Unternehmen ihre Energiekosten erheblich senken, ihre Nachhaltigkeit verbessern und Energieunabh\u00e4ngigkeit erreichen.<\/li>\n<li><b>Solarprojekte im Versorgungsbereich<br \/><\/b>Wir entwickeln und realisieren gro\u00df angelegte Solarprojekte, die saubere Energie ins Netz einspeisen. Unser Fachwissen im Bereich der Energieversorgungsanlagen gew\u00e4hrleistet eine optimale Leistung und langfristige Zuverl\u00e4ssigkeit und tr\u00e4gt so zu einer breiteren Energieinfrastruktur bei.<\/li>\n<li> <b>Montagesysteme f\u00fcr Solarmodule<br \/><\/b>Unsere vielseitigen Montagesysteme sind f\u00fcr verschiedene Terrains und Strukturen geeignet, darunter D\u00e4cher, Bodenmontagen und Carports. Wir verwenden langlebige Materialien und innovative Designs, um bei jeder Installation Stabilit\u00e4t und Effizienz zu gew\u00e4hrleisten.<\/li>\n<li> <b>Energiespeicherl\u00f6sungen<br \/><\/b>Um die Vorteile der Solarenergie zu maximieren, bieten wir integrierte Energiespeicherl\u00f6sungen an. Unsere Batteriesysteme speichern tags\u00fcber erzeugte \u00fcbersch\u00fcssige Energie f\u00fcr die Nutzung in der Nacht oder bei Stromausf\u00e4llen und sorgen so f\u00fcr eine unterbrechungsfreie Stromversorgung und gr\u00f6\u00dfere Energieunabh\u00e4ngigkeit.<\/li>\n<li style=\"line-height: 30px; margin-bottom: 12px;\"><b>\u00dcberwachungs- und Wartungsservice<br \/><\/b>Wir bieten einen umfassenden \u00dcberwachungs- und Wartungsservice, um sicherzustellen, dass Ihre PV-Solaranlage mit h\u00f6chster Effizienz arbeitet. Unsere fortschrittlichen \u00dcberwachungstools erm\u00f6glichen die Verfolgung der Leistung in Echtzeit, und unser Wartungsteam steht zur Verf\u00fcgung, um alle Probleme umgehend zu beheben.<\/li>\n<\/ul>\n\t\t\t\t\t\t\t\t<\/div>\n\t\t\t\t<\/div>\n\t\t\t\t\t<\/div>\n\t\t<\/div>\n\t\t\t\t\t<\/div>\n\t\t<\/section>\n\t\t\t\t<section class=\"elementor-section elementor-top-section elementor-element elementor-element-01792e8 elementor-section-boxed elementor-section-height-default elementor-section-height-default\" data-id=\"01792e8\" data-element_type=\"section\">\n\t\t\t\t\t\t<div class=\"elementor-container elementor-column-gap-default\">\n\t\t\t\t\t<div class=\"elementor-column elementor-col-100 elementor-top-column elementor-element elementor-element-c9f5f88\" data-id=\"c9f5f88\" data-element_type=\"column\">\n\t\t\t<div class=\"elementor-widget-wrap elementor-element-populated\">\n\t\t\t\t\t\t<div class=\"elementor-element elementor-element-8a8ee08 elementor-widget elementor-widget-spacer\" data-id=\"8a8ee08\" data-element_type=\"widget\" data-widget_type=\"spacer.default\">\n\t\t\t\t<div class=\"elementor-widget-container\">\n\t\t\t\t\t\t\t<div class=\"elementor-spacer\">\n\t\t\t<div class=\"elementor-spacer-inner\"><\/div>\n\t\t<\/div>\n\t\t\t\t\t\t<\/div>\n\t\t\t\t<\/div>\n\t\t\t\t\t<\/div>\n\t\t<\/div>\n\t\t\t\t\t<\/div>\n\t\t<\/section>\n\t\t\t\t<section class=\"elementor-section elementor-top-section elementor-element elementor-element-902476d elementor-section-boxed elementor-section-height-default elementor-section-height-default\" data-id=\"902476d\" data-element_type=\"section\">\n\t\t\t\t\t\t<div class=\"elementor-container elementor-column-gap-default\">\n\t\t\t\t\t<div class=\"elementor-column elementor-col-100 elementor-top-column elementor-element elementor-element-9e3b4f2\" data-id=\"9e3b4f2\" data-element_type=\"column\">\n\t\t\t<div class=\"elementor-widget-wrap elementor-element-populated\">\n\t\t\t\t\t\t<div class=\"elementor-element elementor-element-59531d4 elementor-widget elementor-widget-spacer\" data-id=\"59531d4\" data-element_type=\"widget\" data-widget_type=\"spacer.default\">\n\t\t\t\t<div class=\"elementor-widget-container\">\n\t\t\t\t\t\t\t<div class=\"elementor-spacer\">\n\t\t\t<div class=\"elementor-spacer-inner\"><\/div>\n\t\t<\/div>\n\t\t\t\t\t\t<\/div>\n\t\t\t\t<\/div>\n\t\t\t\t\t<\/div>\n\t\t<\/div>\n\t\t\t\t\t<\/div>\n\t\t<\/section>\n\t\t\t\t<\/div>\n\t\t","protected":false},"excerpt":{"rendered":"<p>Solar Installations Da die Welt zunehmend auf nachhaltige Energie setzt, sind Photovoltaik (PV)-Solaranlagen zu einer Schl\u00fcsselkomponente f\u00fcr den \u00dcbergang in eine gr\u00fcnere Zukunft geworden. Wir von BHN Global Energies bieten umfassende L\u00f6sungen f\u00fcr die Installation von PV-Anlagen, die es Privatpersonen, Unternehmen und Gemeinden erm\u00f6glichen, die Kraft der Sonne zu nutzen. Unsere L\u00f6sungen Solarsysteme f\u00fcr Privathaushalte [&hellip;]<\/p>\n","protected":false},"author":5,"featured_media":0,"parent":0,"menu_order":0,"comment_status":"closed","ping_status":"closed","template":"","meta":{"nf_dc_page":"","footnotes":""},"class_list":["post-7311","page","type-page","status-publish","hentry"],"yoast_head":"<!-- This site is optimized with the Yoast SEO plugin v24.4 - https:\/\/yoast.com\/wordpress\/plugins\/seo\/ -->\n<title>Solaranlagen - bhn-energies.com<\/title>\n<meta name=\"robots\" content=\"index, follow, max-snippet:-1, max-image-preview:large, max-video-preview:-1\" \/>\n<link rel=\"canonical\" href=\"https:\/\/bhn-energies.com\/de\/solaranlagen\/\" \/>\n<meta property=\"og:locale\" content=\"de_DE\" \/>\n<meta property=\"og:type\" content=\"article\" \/>\n<meta property=\"og:title\" content=\"Solaranlagen - bhn-energies.com\" \/>\n<meta property=\"og:description\" content=\"Solar Installations Da die Welt zunehmend auf nachhaltige Energie setzt, sind Photovoltaik (PV)-Solaranlagen zu einer Schl\u00fcsselkomponente f\u00fcr den \u00dcbergang in eine gr\u00fcnere Zukunft geworden. Wir von BHN Global Energies bieten umfassende L\u00f6sungen f\u00fcr die Installation von PV-Anlagen, die es Privatpersonen, Unternehmen und Gemeinden erm\u00f6glichen, die Kraft der Sonne zu nutzen. Unsere L\u00f6sungen Solarsysteme f\u00fcr Privathaushalte [&hellip;]\" \/>\n<meta property=\"og:url\" content=\"https:\/\/bhn-energies.com\/de\/solaranlagen\/\" \/>\n<meta property=\"og:site_name\" content=\"bhn-energies.com\" \/>\n<meta property=\"article:publisher\" content=\"https:\/\/www.facebook.com\/profile.php?id=100063859522364\" \/>\n<meta property=\"article:modified_time\" content=\"2024-06-17T17:20:11+00:00\" \/>\n<meta property=\"og:image\" content=\"https:\/\/i0.wp.com\/bhn-energies.com\/wp-content\/uploads\/2024\/06\/Solar-Panel-shot.png?fit=1024%2C688&amp;ssl=1\" \/>\n<meta name=\"twitter:card\" content=\"summary_large_image\" \/>\n<meta name=\"twitter:site\" content=\"@bhn_gmbh\" \/>\n<meta name=\"twitter:label1\" content=\"Gesch\u00e4tzte Lesezeit\" \/>\n\t<meta name=\"twitter:data1\" content=\"2\u00a0Minuten\" \/>\n<script type=\"application\/ld+json\" class=\"yoast-schema-graph\">{\"@context\":\"https:\/\/schema.org\",\"@graph\":[{\"@type\":\"WebPage\",\"@id\":\"https:\/\/bhn-energies.com\/de\/solaranlagen\/\",\"url\":\"https:\/\/bhn-energies.com\/de\/solaranlagen\/\",\"name\":\"Solaranlagen - bhn-energies.com\",\"isPartOf\":{\"@id\":\"https:\/\/purple-mongoose-255597.hostingersite.com\/en\/#website\"},\"primaryImageOfPage\":{\"@id\":\"https:\/\/bhn-energies.com\/de\/solaranlagen\/#primaryimage\"},\"image\":{\"@id\":\"https:\/\/bhn-energies.com\/de\/solaranlagen\/#primaryimage\"},\"thumbnailUrl\":\"https:\/\/i0.wp.com\/bhn-energies.com\/wp-content\/uploads\/2024\/06\/Solar-Panel-shot.png?fit=1024%2C688&amp;ssl=1\",\"datePublished\":\"2019-12-16T10:30:35+00:00\",\"dateModified\":\"2024-06-17T17:20:11+00:00\",\"breadcrumb\":{\"@id\":\"https:\/\/bhn-energies.com\/de\/solaranlagen\/#breadcrumb\"},\"inLanguage\":\"de\",\"potentialAction\":[{\"@type\":\"ReadAction\",\"target\":[\"https:\/\/bhn-energies.com\/de\/solaranlagen\/\"]}]},{\"@type\":\"ImageObject\",\"inLanguage\":\"de\",\"@id\":\"https:\/\/bhn-energies.com\/de\/solaranlagen\/#primaryimage\",\"url\":\"https:\/\/i0.wp.com\/bhn-energies.com\/wp-content\/uploads\/2024\/06\/Solar-Panel-shot.png?fit=1024%2C688&amp;ssl=1\",\"contentUrl\":\"https:\/\/i0.wp.com\/bhn-energies.com\/wp-content\/uploads\/2024\/06\/Solar-Panel-shot.png?fit=1024%2C688&amp;ssl=1\"},{\"@type\":\"BreadcrumbList\",\"@id\":\"https:\/\/bhn-energies.com\/de\/solaranlagen\/#breadcrumb\",\"itemListElement\":[{\"@type\":\"ListItem\",\"position\":1,\"name\":\"Home\",\"item\":\"https:\/\/bhn-energies.com\/de\/\"},{\"@type\":\"ListItem\",\"position\":2,\"name\":\"Solaranlagen\"}]},{\"@type\":\"WebSite\",\"@id\":\"https:\/\/purple-mongoose-255597.hostingersite.com\/en\/#website\",\"url\":\"https:\/\/purple-mongoose-255597.hostingersite.com\/en\/\",\"name\":\"bhn-energies.com\",\"description\":\"Renewable Energy Solutions Company\",\"publisher\":{\"@id\":\"https:\/\/purple-mongoose-255597.hostingersite.com\/en\/#organization\"},\"potentialAction\":[{\"@type\":\"SearchAction\",\"target\":{\"@type\":\"EntryPoint\",\"urlTemplate\":\"https:\/\/purple-mongoose-255597.hostingersite.com\/en\/?s={search_term_string}\"},\"query-input\":{\"@type\":\"PropertyValueSpecification\",\"valueRequired\":true,\"valueName\":\"search_term_string\"}}],\"inLanguage\":\"de\"},{\"@type\":\"Organization\",\"@id\":\"https:\/\/purple-mongoose-255597.hostingersite.com\/en\/#organization\",\"name\":\"BHN Global Energies\",\"url\":\"https:\/\/purple-mongoose-255597.hostingersite.com\/en\/\",\"logo\":{\"@type\":\"ImageObject\",\"inLanguage\":\"de\",\"@id\":\"https:\/\/purple-mongoose-255597.hostingersite.com\/en\/#\/schema\/logo\/image\/\",\"url\":\"https:\/\/i0.wp.com\/bhn-energies.com\/wp-content\/uploads\/2024\/06\/cropped-logo.jpg?fit=512%2C512&ssl=1\",\"contentUrl\":\"https:\/\/i0.wp.com\/bhn-energies.com\/wp-content\/uploads\/2024\/06\/cropped-logo.jpg?fit=512%2C512&ssl=1\",\"width\":512,\"height\":512,\"caption\":\"BHN Global Energies\"},\"image\":{\"@id\":\"https:\/\/purple-mongoose-255597.hostingersite.com\/en\/#\/schema\/logo\/image\/\"},\"sameAs\":[\"https:\/\/www.facebook.com\/profile.php?id=100063859522364\",\"https:\/\/x.com\/bhn_gmbh\",\"https:\/\/www.instagram.com\/bhn_global_energies_gmbh\/\",\"https:\/\/www.linkedin.com\/in\/bhn-global-energies-gmbh-939a10311\/\"]}]}<\/script>\n<!-- \/ Yoast SEO plugin. -->","yoast_head_json":{"title":"Solaranlagen - bhn-energies.com","robots":{"index":"index","follow":"follow","max-snippet":"max-snippet:-1","max-image-preview":"max-image-preview:large","max-video-preview":"max-video-preview:-1"},"canonical":"https:\/\/bhn-energies.com\/de\/solaranlagen\/","og_locale":"de_DE","og_type":"article","og_title":"Solaranlagen - bhn-energies.com","og_description":"Solar Installations Da die Welt zunehmend auf nachhaltige Energie setzt, sind Photovoltaik (PV)-Solaranlagen zu einer Schl\u00fcsselkomponente f\u00fcr den \u00dcbergang in eine gr\u00fcnere Zukunft geworden. Wir von BHN Global Energies bieten umfassende L\u00f6sungen f\u00fcr die Installation von PV-Anlagen, die es Privatpersonen, Unternehmen und Gemeinden erm\u00f6glichen, die Kraft der Sonne zu nutzen. Unsere L\u00f6sungen Solarsysteme f\u00fcr Privathaushalte [&hellip;]","og_url":"https:\/\/bhn-energies.com\/de\/solaranlagen\/","og_site_name":"bhn-energies.com","article_publisher":"https:\/\/www.facebook.com\/profile.php?id=100063859522364","article_modified_time":"2024-06-17T17:20:11+00:00","og_image":[{"url":"https:\/\/i0.wp.com\/bhn-energies.com\/wp-content\/uploads\/2024\/06\/Solar-Panel-shot.png?fit=1024%2C688&amp;ssl=1","type":"","width":"","height":""}],"twitter_card":"summary_large_image","twitter_site":"@bhn_gmbh","twitter_misc":{"Gesch\u00e4tzte Lesezeit":"2\u00a0Minuten"},"schema":{"@context":"https:\/\/schema.org","@graph":[{"@type":"WebPage","@id":"https:\/\/bhn-energies.com\/de\/solaranlagen\/","url":"https:\/\/bhn-energies.com\/de\/solaranlagen\/","name":"Solaranlagen - bhn-energies.com","isPartOf":{"@id":"https:\/\/purple-mongoose-255597.hostingersite.com\/en\/#website"},"primaryImageOfPage":{"@id":"https:\/\/bhn-energies.com\/de\/solaranlagen\/#primaryimage"},"image":{"@id":"https:\/\/bhn-energies.com\/de\/solaranlagen\/#primaryimage"},"thumbnailUrl":"https:\/\/i0.wp.com\/bhn-energies.com\/wp-content\/uploads\/2024\/06\/Solar-Panel-shot.png?fit=1024%2C688&amp;ssl=1","datePublished":"2019-12-16T10:30:35+00:00","dateModified":"2024-06-17T17:20:11+00:00","breadcrumb":{"@id":"https:\/\/bhn-energies.com\/de\/solaranlagen\/#breadcrumb"},"inLanguage":"de","potentialAction":[{"@type":"ReadAction","target":["https:\/\/bhn-energies.com\/de\/solaranlagen\/"]}]},{"@type":"ImageObject","inLanguage":"de","@id":"https:\/\/bhn-energies.com\/de\/solaranlagen\/#primaryimage","url":"https:\/\/i0.wp.com\/bhn-energies.com\/wp-content\/uploads\/2024\/06\/Solar-Panel-shot.png?fit=1024%2C688&amp;ssl=1","contentUrl":"https:\/\/i0.wp.com\/bhn-energies.com\/wp-content\/uploads\/2024\/06\/Solar-Panel-shot.png?fit=1024%2C688&amp;ssl=1"},{"@type":"BreadcrumbList","@id":"https:\/\/bhn-energies.com\/de\/solaranlagen\/#breadcrumb","itemListElement":[{"@type":"ListItem","position":1,"name":"Home","item":"https:\/\/bhn-energies.com\/de\/"},{"@type":"ListItem","position":2,"name":"Solaranlagen"}]},{"@type":"WebSite","@id":"https:\/\/purple-mongoose-255597.hostingersite.com\/en\/#website","url":"https:\/\/purple-mongoose-255597.hostingersite.com\/en\/","name":"bhn-energies.com","description":"Renewable Energy Solutions Company","publisher":{"@id":"https:\/\/purple-mongoose-255597.hostingersite.com\/en\/#organization"},"potentialAction":[{"@type":"SearchAction","target":{"@type":"EntryPoint","urlTemplate":"https:\/\/purple-mongoose-255597.hostingersite.com\/en\/?s={search_term_string}"},"query-input":{"@type":"PropertyValueSpecification","valueRequired":true,"valueName":"search_term_string"}}],"inLanguage":"de"},{"@type":"Organization","@id":"https:\/\/purple-mongoose-255597.hostingersite.com\/en\/#organization","name":"BHN Global Energies","url":"https:\/\/purple-mongoose-255597.hostingersite.com\/en\/","logo":{"@type":"ImageObject","inLanguage":"de","@id":"https:\/\/purple-mongoose-255597.hostingersite.com\/en\/#\/schema\/logo\/image\/","url":"https:\/\/i0.wp.com\/bhn-energies.com\/wp-content\/uploads\/2024\/06\/cropped-logo.jpg?fit=512%2C512&ssl=1","contentUrl":"https:\/\/i0.wp.com\/bhn-energies.com\/wp-content\/uploads\/2024\/06\/cropped-logo.jpg?fit=512%2C512&ssl=1","width":512,"height":512,"caption":"BHN Global Energies"},"image":{"@id":"https:\/\/purple-mongoose-255597.hostingersite.com\/en\/#\/schema\/logo\/image\/"},"sameAs":["https:\/\/www.facebook.com\/profile.php?id=100063859522364","https:\/\/x.com\/bhn_gmbh","https:\/\/www.instagram.com\/bhn_global_energies_gmbh\/","https:\/\/www.linkedin.com\/in\/bhn-global-energies-gmbh-939a10311\/"]}]}},"_links":{"self":[{"href":"https:\/\/bhn-energies.com\/de\/wp-json\/wp\/v2\/pages\/7311"}],"collection":[{"href":"https:\/\/bhn-energies.com\/de\/wp-json\/wp\/v2\/pages"}],"about":[{"href":"https:\/\/bhn-energies.com\/de\/wp-json\/wp\/v2\/types\/page"}],"author":[{"embeddable":true,"href":"https:\/\/bhn-energies.com\/de\/wp-json\/wp\/v2\/users\/5"}],"replies":[{"embeddable":true,"href":"https:\/\/bhn-energies.com\/de\/wp-json\/wp\/v2\/comments?post=7311"}],"version-history":[{"count":2,"href":"https:\/\/bhn-energies.com\/de\/wp-json\/wp\/v2\/pages\/7311\/revisions"}],"predecessor-version":[{"id":7391,"href":"https:\/\/bhn-energies.com\/de\/wp-json\/wp\/v2\/pages\/7311\/revisions\/7391"}],"wp:attachment":[{"href":"https:\/\/bhn-energies.com\/de\/wp-json\/wp\/v2\/media?parent=7311"}],"curies":[{"name":"wp","href":"https:\/\/api.w.org\/{rel}","templated":true}]}}