{"id":7309,"date":"2024-06-13T22:34:34","date_gmt":"2024-06-13T22:34:34","guid":{"rendered":"https:\/privacy-policy-2\/"},"modified":"2024-06-17T06:46:57","modified_gmt":"2024-06-17T06:46:57","slug":"datenschutz","status":"publish","type":"page","link":"https:\/\/bhn-energies.com\/de\/datenschutz\/","title":{"rendered":"Datenschutz"},"content":{"rendered":"<p class=\"\"><\/p><p class=\"\"><strong>Datenschutzerkl\u00e4rung Website<\/strong><\/p><p class=\"\">Wir, die BHN Global Energies, freuen uns \u00fcber Ihren Besuch auf unserer<br>Website und \u00fcber Ihr Interesse an unserem Unternehmen. Wir wissen, dass Ihnen der sorgf\u00e4ltige Umgang mit Ihren pers\u00f6nlichen Informationen wichtig ist und nehmen daher den Schutz Ihrer pers\u00f6nlichen Daten ernst und m\u00f6chten, dass Sie sich bei dem Besuch unserer Website sicher und wohl f\u00fchlen. Selbstverst\u00e4ndlich beachten wir die gesetzlichen Bestimmungen zum Datenschutz, insbesondere der Datenschutz-Grundverordnung (DS-GVO). Ihre personenbezogenen Daten verarbeiten wir daher grunds\u00e4tzlich nur zu den Ihnen in dieser Datenschutzerkl\u00e4rung erl\u00e4uterten oder bei der Erhebung der Daten mitgeteilten Zwecke. Diese sind in erster Linie die Kommunikation mit Kunden und Interessenten sowie die Weiterentwicklung unserer Services.<\/p><p class=\"\">In dieser Datenschutzerkl\u00e4rung informieren wir Sie dar\u00fcber, wie personenbezogene Daten im Zusammenhang mit dem Besuch oder Interaktionen mit unserer Website oder ihren Inhalten verarbeitet werden sowie \u00fcber Ihre Rechte. Personenbezogene Daten sind alle Informationen, die sich auf eine identifizierte oder identifizierbare nat\u00fcrliche Person (im Folgenden \u201ebetroffene Person\u201c) beziehen, wie z. B. Name, Adresse, E-Mail-Adresse und Nutzerverhalten.<\/p><ol class=\"wp-block-list\"><li class=\"\"><strong>Wer ist f\u00fcr die Verarbeitung meiner personenbezogenen Daten verantwortlich und an wen kann ich mich bei Fragen wenden?<\/strong><\/li><\/ol><p class=\"\">Verantwortlicher im Sinne der gesetzlichen Bestimmungen zum Datenschutz (z. B. DS-GVO) f\u00fcr die Verarbeitung Ihrer personenbezogenen Daten ist:<\/p><p class=\"\">BHN Global Energies GmbH<\/p><p class=\"\">Kurf\u00fcrstendamm 195<br>10707 Berlin<\/p><p class=\"\">Telefon: +49 30 40 81 74000<\/p><p class=\"\">E-Mail:&nbsp;info@&nbsp;<\/p><ol start=\"2\" class=\"wp-block-list\"><li class=\"\"><\/li><\/ol><p class=\"\"><strong>Welche Arten von personenbezogenen Daten werden von mir verarbeitet? Zu welchen Zwecken und auf welcher Rechtsgrundlage erfolgt die Verarbeitung?<\/strong><\/p><ol class=\"wp-block-list\"><li class=\"\"><strong>Automatische Informationen (Server-Log-Dateien)<\/strong><\/li><\/ol><p class=\"\">Wenn Sie unsere Website aufrufen, werden durch den Webserver automatisch Informationen erhoben und gespeichert. Dies geschieht anonym und getrennt von Ihren weiteren Daten. Die automatischen Informationen werden zu statistischen Zwecken ausgewertet, um unsere Website optimieren zu k\u00f6nnen, sowie f\u00fcr statistische Zwecke gespeichert. Unter solche automatischen Informationen fallen vor allem:<\/p><ul class=\"wp-block-list\"><li class=\"\">Domain-Name oder IP-Adresse,<\/li>\n\n<li class=\"\">Datum und Uhrzeit der Serveranfrage,<\/li>\n\n<li class=\"\">Dateinamen und URL\/Adresse, auf die Sie zugegriffen haben,<\/li>\n\n<li class=\"\">Zugriffsstatus\/http-Statuscode,<\/li>\n\n<li class=\"\">\u00fcbertragene Datenmenge,<\/li>\n\n<li class=\"\">Referrer URL (die zuvor besuchte Website),<\/li>\n\n<li class=\"\">Browser,<\/li>\n\n<li class=\"\">Betriebssystem und dessen Oberfl\u00e4che sowie<\/li>\n\n<li class=\"\">Sprache und Version der Browsersoftware].<\/li><\/ul><p class=\"\">Rechtsgrundlage hierf\u00fcr ist Art. 6 Abs. 1 Buchst. f DS-GVO.<\/p><ol start=\"2\" class=\"wp-block-list\"><li class=\"\"><strong>Cookies<\/strong><\/li><\/ol><p class=\"\">Bei Cookies handelt es sich um kleine Textdateien, die dem von Ihnen verwendeten Browser zugeordnet, und auf Ihrem Endger\u00e4tgespeichert werden, um Ihr Endger\u00e4t f\u00fcr eine gewisse Dauer zu identifizieren. Wenn Sie unsere Website besuchen und ihr Browser die Speicherung von Cookies erlaubt, speichern wir Cookies wie in diesem Abschnitt beschrieben auf Ihrem Endger\u00e4t. Sie k\u00f6nnen Ihren Browser jedoch auch so konfigurieren, dass dieser die Annahme von Cookies grunds\u00e4tzlich ablehnt. Informationen hierzu finden Sie in der Hilfefunktion Ihres Browsers. Wir weisen Sie darauf hin, dass dies eventuell dazu f\u00fchren kann, dass Sie nicht alle Funktionen dieser Website nutzen k\u00f6nnen.<\/p><p class=\"\">Wir unterscheiden zwischen Cookies, die f\u00fcr den Betrieb unserer Website technisch erforderlich sind und solchen Cookies\/Dateien, die nicht zwingend technisch erforderlich sind.<\/p><ol class=\"wp-block-list\"><li class=\"\"><strong>Technisch erforderliche Cookies<\/strong><\/li><\/ol><p class=\"\">Um grundlegende Funktionen unserer Website zu erm\u00f6glichen und\/oder die Sicherheit der Website sicherstellen zu k\u00f6nnen, werden technisch erforderliche Cookies bei Aufruf unserer Website gesetzt. Diese Cookies werden in unserem sog. Cookie-Banner, welches bei Aufruf unserer Website eingeblendet wird, als \u201enotwendige\u201c Cookies beschrieben. Die Verarbeitung personenbezogener Daten erfolgt zu den vorgenannten Zwecken aufgrund unseres berechtigten Interesses auf Grundlage von Art. 6 Abs. 1 Buchst. f DS-GVO.<\/p><ol start=\"2\" class=\"wp-block-list\"><li class=\"\"><strong>Technisch nicht erforderliche Cookies<\/strong><\/li><\/ol><p class=\"\">F\u00fcr den Einsatz dieser Cookies und Dateien ist Ihre Einwilligung erforderlich. Wir setzen diese Cookies\/Dateien also nur dann ein, wenn Sie uns zuvor Ihre Einwilligung hierzu erteilt haben. Die Verarbeitung personenbezogener Daten erfolgt in diesem Fall auf Grundlage von Art. 6 Abs. 1 Buchst. a DS-GVO. Ihre Einwilligung k\u00f6nnen Sie dabei \u00fcber das Cookie-Banner, welches bei Aufruf unserer Website eingeblendet wird, erteilen. Eine erteilte Einwilligung k\u00f6nnen Sie jederzeit widerrufen. Der Widerruf l\u00e4sst die Rechtm\u00e4\u00dfigkeit der aufgrund der Einwilligung bis zum Zeitpunkt des Widerrufs erfolgten Verarbeitung Ihrer personenbezogenen Daten unber\u00fchrt.<\/p><ol start=\"3\" class=\"wp-block-list\"><li class=\"\"><strong>Verarbeitung personenbezogener Daten bei Kontaktaufnahme<\/strong><\/li><\/ol><p class=\"\">Wir verarbeiten Informationen, die Sie auf unserer Website eingeben oder uns in anderer Weise \u00fcbermitteln, um im Anschluss an eine entsprechende Anfrage, Ihrer Beratung und Betreuung nachkommen zu k\u00f6nnen. Hierunter fallen z. B. Daten, die Sie in einem Kontaktformular ausf\u00fcllen oder uns in einer E-Mail zusenden. Rechtsgrundlage der Verarbeitung Ihrer personenbezogenen Daten, die bei Ausf\u00fcllen eines Kontaktformulars \u00fcbermittelt werden, ist Art. 6 Abs. 1 Buchst. f DS-GVO.<\/p><ol start=\"4\" class=\"wp-block-list\"><li class=\"\"><strong>Verarbeitung personenbezogener Daten zur Erf\u00fcllung vertraglicher Pflichten<\/strong><\/li><\/ol><p class=\"\">Wir verarbeiten Ihre personenbezogenen Daten, wenn und soweit dies zur Durchf\u00fchrung vorvertraglicher Ma\u00dfnahmen auf Ihre Anfrage und Erf\u00fcllung (inklusive Abrechnung) eines Vertragsverh\u00e4ltnisses erforderlich ist. Wenn Sie \u00fcber unsere Website einen Vertrag mit uns abschlie\u00dfen m\u00f6chten, ist es f\u00fcr den Vertragsschluss erforderlich, dass Sie uns diejenigen personenbezogenen Daten mitteilen, die wir f\u00fcr die Vertragserf\u00fcllung ben\u00f6tigen. Hierzu geh\u00f6ren z. B. Ihr Name und Ihre Kontaktdaten sowie erforderlichenfalls Daten zur Abrechnung der Vertragsleistung. Nach vollst\u00e4ndiger Vertragserf\u00fcllung werden Ihre Daten gesperrt und nach Ablauf der steuer- und handelsrechtlichen Vorschriften gel\u00f6scht, sofern Sie nicht ausdr\u00fccklich einer dar\u00fcberhinausgehenden Datenverarbeitung zugestimmt haben. Rechtsgrundlage f\u00fcr die Verarbeitung Ihrer personenbezogenen Daten zum Zwecke der vorgenannten Handlungen ist Art. 6 Abs. 1 Buchst. b, c DS-GVO.<\/p><ol start=\"5\" class=\"wp-block-list\"><li class=\"\"><strong>Kundenkonto<\/strong><\/li><\/ol><p class=\"\">Sie k\u00f6nnen auf unserer Website ein Kundenkonto einrichten. Wir speichern dann widerruflich bis zur L\u00f6schung Ihres Kundenkontos die bei Registrierung angegebenen Daten wie Name und Kontaktdaten sowie Informationen, die wir bei Nutzung des Kundenkontos erheben, wie die Information, dass Sie ein bestimmtes Produkt beziehen. Sie k\u00f6nnen Ihre Daten jederzeit in Ihrem Kundenkonto verwalten. Rechtsgrundlage ist Art. 6 Abs. 1 Buchst. b DS-GVO.<\/p><ol start=\"3\" class=\"wp-block-list\"><li class=\"\"><strong>Erfolgt eine Offenlegung meiner personenbezogenen Daten gegen\u00fcber anderen Empf\u00e4ngern oder eine \u00dcbermittlung an oder in Drittl\u00e4nder?<\/strong><\/li><\/ol><p class=\"\">Eine Offenlegung bzw. \u00dcbermittlung Ihrer personenbezogenen Daten erfolgt zu den in Ziffer 2. genannten Zwecken gegen\u00fcber den dort genannten Empf\u00e4ngern bzw. Kategorien von Empf\u00e4ngern. Eine Offenlegung erfolgt dar\u00fcber hinaus gegen\u00fcber:<\/p><p class=\"\">Auftragsverarbeitern im Sinne von Art. 28 DS-GVO, welche die uns von Ihnen \u00fcbermittelten personenbezogenen Daten ausschlie\u00dflich in unserem Auftrag und nach Ma\u00dfgabe der hierf\u00fcr abgeschlossenen Vertr\u00e4ge verarbeiten sowie Dritte, wenn dies zur Durchf\u00fchrung Ihres Auftrages oder Ihrer Anfrage erforderlich ist, z. B. zur Ausf\u00fchrung von Lastschriften an die jeweiligen Zahlungsdiensteanbieter. Wir geben Ihre personenbezogenen Daten dar\u00fcber hinaus an Dritte weiter, sofern dies notwendig ist, um unsere rechtlichen Verpflichtungen zu erf\u00fcllen.<\/p><p class=\"\">Eine Weitergabe an staatliche Einrichtungen und\/oder Beh\u00f6rden erfolgt nur dann, wenn wir hierzu aufgrund zwingender gesetzlicher Regelungen oder beh\u00f6rdlicher oder gerichtlicher Anordnungen verpflichtet sind.<\/p><p class=\"\">Eine \u00dcbermittlung Ihrer personenbezogenen Daten an oder in Drittl\u00e4nder oder an internationale Organisationen erfolgt au\u00dfer in Ziffer 2. genannten F\u00e4llen nicht<\/p><p class=\"\">F\u00fcr welche Dauer werden meine personenbezogenen Daten gespeichert?<\/p><p class=\"\">Ihre personenbezogenen Daten, werden grunds\u00e4tzlich nur so lange gespeichert, wie dies f\u00fcr die in Ziffer 2. festgelegten Zwecke erforderlich ist oder alternativ bis zu dem Zeitpunkt, in dem die zuvor erteilte Einwilligung in die Verarbeitung Ihrer personenbezogenen Daten von Ihnen widerrufen wird. Bestehen gesetzliche Aufbewahrungspflichten, insbesondere aus dem Handels- und Steuerrecht (\u00a7\u00a7 147 AO, 257 HGB), sind wir verpflichtet, die Daten bis zum Ablauf dieser Fristen zu speichern.<\/p><ol start=\"4\" class=\"wp-block-list\"><li class=\"\"><strong>Welche Rechte habe ich in Bezug auf die Verarbeitung meiner personenbezogenen Daten?<\/strong><\/li><\/ol><p class=\"\">Hinsichtlich der Sie betreffenden personenbezogenen Daten haben Sie uns gegen\u00fcber folgendem Rechten:<\/p><ul class=\"wp-block-list\"><li class=\"\">Recht auf Auskunft \u00fcber Ihre gespeicherten personenbezogenen Daten (Art. 15 DS-GVO),<\/li>\n\n<li class=\"\">Recht auf Berichtigung, wenn die Sie betreffenden gespeicherten Daten fehlerhaft, veraltet oder sonst wie unrichtig sind (Art. 16 DS-GVO),<\/li>\n\n<li class=\"\">Recht auf L\u00f6schung, wenn die Speicherung unzul\u00e4ssig ist, der Zweck der Verarbeitung erf\u00fcllt und die Speicherung daher nicht mehr erforderlich ist oder Sie eine erteilte Einwilligung zur Verarbeitung bestimmter personenbezogener Daten widerrufen haben (Art. 17 DS-GVO),<\/li>\n\n<li class=\"\">Recht auf Einschr\u00e4nkung der Verarbeitung, wenn eine der in Art. 18 Abs. 1 Buchst. a bis d DS-GVO genannten Voraussetzungen gegeben ist (Art. 18 DS-GVO),<\/li>\n\n<li class=\"\">Recht auf \u00dcbertragung der von Ihnen bereitgestellten, Sie betreffenden personenbezogenen Daten (Art. 20 DS-GVO),<\/li>\n\n<li class=\"\">Recht auf Widerruf einer erteilten Einwilligung, wobei der Widerruf die Rechtm\u00e4\u00dfigkeit der bis dahin aufgrund der Einwilligung erfolgten Verarbeitung nicht ber\u00fchrt (Art. 7 Abs. 3 Buchst. c DS-GVO) und<\/li><\/ul><figure class=\"wp-block-table\"><table><tbody><tr><td><strong>WiderspruchsrechtSie k\u00f6nnen uns gegen\u00fcber jederzeit Verarbeitungen, die wir auf ein berechtigtes Interesse i. S. d. Art. 6 Abs. 1 Buchst. f DS-GVO st\u00fctzen, aus Gr\u00fcnden, die sich aus Ihrer besonderen Situation ergeben unter Angabe dieser Gr\u00fcnde widersprechen. Wir werden die personenbezogenen Daten im Falle eines begr\u00fcndeten Widerspruchs grunds\u00e4tzlich nicht mehr f\u00fcr die betreffenden Zwecke verarbeiten und die Daten l\u00f6schen, es sei denn, wir k\u00f6nnen zwingende Gr\u00fcnde f\u00fcr die Verarbeitung nachweisen, die Ihre Interessen, Rechte und Freiheiten \u00fcberwiegen, oder die Verarbeitung dient der Geltendmachung, Aus\u00fcbung oder Verteidigung von Rechtsanspr\u00fcchen.Der Widerspruch ist an&nbsp;<\/strong><strong><em>BHN Global Energies GmbH,<\/em><\/strong> <strong><em>Kurf\u00fcrstendamm 195 , 10707 Berlin, Telefon: +49 30 40 81 74000, E-Mail:&nbsp;info@<\/em><\/strong><strong>&nbsp;zu richten.<\/strong><\/td><\/tr><\/tbody><\/table><\/figure><ul class=\"wp-block-list\"><li class=\"\">Recht auf Beschwerde bei einer Aufsichtsbeh\u00f6rde (Art. 77 DS-GVO).<\/li><\/ul>","protected":false},"excerpt":{"rendered":"<p>Datenschutzerkl\u00e4rung Website Wir, die BHN Global Energies, freuen uns \u00fcber Ihren Besuch auf unsererWebsite und \u00fcber Ihr Interesse an unserem Unternehmen. Wir wissen, dass Ihnen der sorgf\u00e4ltige Umgang mit Ihren pers\u00f6nlichen Informationen wichtig ist und nehmen daher den Schutz Ihrer pers\u00f6nlichen Daten ernst und m\u00f6chten, dass Sie sich bei dem Besuch unserer Website sicher und [&hellip;]<\/p>\n","protected":false},"author":5,"featured_media":0,"parent":0,"menu_order":0,"comment_status":"closed","ping_status":"closed","template":"","meta":{"nf_dc_page":"","footnotes":""},"class_list":["post-7309","page","type-page","status-publish","hentry"],"yoast_head":"<!-- This site is optimized with the Yoast SEO plugin v24.4 - https:\/\/yoast.com\/wordpress\/plugins\/seo\/ -->\n<title>Datenschutz - bhn-energies.com<\/title>\n<meta name=\"robots\" content=\"index, follow, max-snippet:-1, max-image-preview:large, max-video-preview:-1\" \/>\n<link rel=\"canonical\" href=\"https:\/\/bhn-energies.com\/de\/datenschutz\/\" \/>\n<meta property=\"og:locale\" content=\"de_DE\" \/>\n<meta property=\"og:type\" content=\"article\" \/>\n<meta property=\"og:title\" content=\"Datenschutz - bhn-energies.com\" \/>\n<meta property=\"og:description\" content=\"Datenschutzerkl\u00e4rung Website Wir, die BHN Global Energies, freuen uns \u00fcber Ihren Besuch auf unsererWebsite und \u00fcber Ihr Interesse an unserem Unternehmen. Wir wissen, dass Ihnen der sorgf\u00e4ltige Umgang mit Ihren pers\u00f6nlichen Informationen wichtig ist und nehmen daher den Schutz Ihrer pers\u00f6nlichen Daten ernst und m\u00f6chten, dass Sie sich bei dem Besuch unserer Website sicher und [&hellip;]\" \/>\n<meta property=\"og:url\" content=\"https:\/\/bhn-energies.com\/de\/datenschutz\/\" \/>\n<meta property=\"og:site_name\" content=\"bhn-energies.com\" \/>\n<meta property=\"article:publisher\" content=\"https:\/\/www.facebook.com\/profile.php?id=100063859522364\" \/>\n<meta property=\"article:modified_time\" content=\"2024-06-17T06:46:57+00:00\" \/>\n<meta name=\"twitter:card\" content=\"summary_large_image\" \/>\n<meta name=\"twitter:site\" content=\"@bhn_gmbh\" \/>\n<meta name=\"twitter:label1\" content=\"Gesch\u00e4tzte Lesezeit\" \/>\n\t<meta name=\"twitter:data1\" content=\"7\u00a0Minuten\" \/>\n<script type=\"application\/ld+json\" class=\"yoast-schema-graph\">{\"@context\":\"https:\/\/schema.org\",\"@graph\":[{\"@type\":\"WebPage\",\"@id\":\"https:\/\/bhn-energies.com\/de\/datenschutz\/\",\"url\":\"https:\/\/bhn-energies.com\/de\/datenschutz\/\",\"name\":\"Datenschutz - bhn-energies.com\",\"isPartOf\":{\"@id\":\"https:\/\/purple-mongoose-255597.hostingersite.com\/en\/#website\"},\"datePublished\":\"2024-06-13T22:34:34+00:00\",\"dateModified\":\"2024-06-17T06:46:57+00:00\",\"breadcrumb\":{\"@id\":\"https:\/\/bhn-energies.com\/de\/datenschutz\/#breadcrumb\"},\"inLanguage\":\"de\",\"potentialAction\":[{\"@type\":\"ReadAction\",\"target\":[\"https:\/\/bhn-energies.com\/de\/datenschutz\/\"]}]},{\"@type\":\"BreadcrumbList\",\"@id\":\"https:\/\/bhn-energies.com\/de\/datenschutz\/#breadcrumb\",\"itemListElement\":[{\"@type\":\"ListItem\",\"position\":1,\"name\":\"Home\",\"item\":\"https:\/\/bhn-energies.com\/de\/\"},{\"@type\":\"ListItem\",\"position\":2,\"name\":\"Datenschutz\"}]},{\"@type\":\"WebSite\",\"@id\":\"https:\/\/purple-mongoose-255597.hostingersite.com\/en\/#website\",\"url\":\"https:\/\/purple-mongoose-255597.hostingersite.com\/en\/\",\"name\":\"bhn-energies.com\",\"description\":\"Renewable Energy Solutions Company\",\"publisher\":{\"@id\":\"https:\/\/purple-mongoose-255597.hostingersite.com\/en\/#organization\"},\"potentialAction\":[{\"@type\":\"SearchAction\",\"target\":{\"@type\":\"EntryPoint\",\"urlTemplate\":\"https:\/\/purple-mongoose-255597.hostingersite.com\/en\/?s={search_term_string}\"},\"query-input\":{\"@type\":\"PropertyValueSpecification\",\"valueRequired\":true,\"valueName\":\"search_term_string\"}}],\"inLanguage\":\"de\"},{\"@type\":\"Organization\",\"@id\":\"https:\/\/purple-mongoose-255597.hostingersite.com\/en\/#organization\",\"name\":\"BHN Global Energies\",\"url\":\"https:\/\/purple-mongoose-255597.hostingersite.com\/en\/\",\"logo\":{\"@type\":\"ImageObject\",\"inLanguage\":\"de\",\"@id\":\"https:\/\/purple-mongoose-255597.hostingersite.com\/en\/#\/schema\/logo\/image\/\",\"url\":\"https:\/\/i0.wp.com\/bhn-energies.com\/wp-content\/uploads\/2024\/06\/cropped-logo.jpg?fit=512%2C512&ssl=1\",\"contentUrl\":\"https:\/\/i0.wp.com\/bhn-energies.com\/wp-content\/uploads\/2024\/06\/cropped-logo.jpg?fit=512%2C512&ssl=1\",\"width\":512,\"height\":512,\"caption\":\"BHN Global Energies\"},\"image\":{\"@id\":\"https:\/\/purple-mongoose-255597.hostingersite.com\/en\/#\/schema\/logo\/image\/\"},\"sameAs\":[\"https:\/\/www.facebook.com\/profile.php?id=100063859522364\",\"https:\/\/x.com\/bhn_gmbh\",\"https:\/\/www.instagram.com\/bhn_global_energies_gmbh\/\",\"https:\/\/www.linkedin.com\/in\/bhn-global-energies-gmbh-939a10311\/\"]}]}<\/script>\n<!-- \/ Yoast SEO plugin. -->","yoast_head_json":{"title":"Datenschutz - bhn-energies.com","robots":{"index":"index","follow":"follow","max-snippet":"max-snippet:-1","max-image-preview":"max-image-preview:large","max-video-preview":"max-video-preview:-1"},"canonical":"https:\/\/bhn-energies.com\/de\/datenschutz\/","og_locale":"de_DE","og_type":"article","og_title":"Datenschutz - bhn-energies.com","og_description":"Datenschutzerkl\u00e4rung Website Wir, die BHN Global Energies, freuen uns \u00fcber Ihren Besuch auf unsererWebsite und \u00fcber Ihr Interesse an unserem Unternehmen. Wir wissen, dass Ihnen der sorgf\u00e4ltige Umgang mit Ihren pers\u00f6nlichen Informationen wichtig ist und nehmen daher den Schutz Ihrer pers\u00f6nlichen Daten ernst und m\u00f6chten, dass Sie sich bei dem Besuch unserer Website sicher und [&hellip;]","og_url":"https:\/\/bhn-energies.com\/de\/datenschutz\/","og_site_name":"bhn-energies.com","article_publisher":"https:\/\/www.facebook.com\/profile.php?id=100063859522364","article_modified_time":"2024-06-17T06:46:57+00:00","twitter_card":"summary_large_image","twitter_site":"@bhn_gmbh","twitter_misc":{"Gesch\u00e4tzte Lesezeit":"7\u00a0Minuten"},"schema":{"@context":"https:\/\/schema.org","@graph":[{"@type":"WebPage","@id":"https:\/\/bhn-energies.com\/de\/datenschutz\/","url":"https:\/\/bhn-energies.com\/de\/datenschutz\/","name":"Datenschutz - bhn-energies.com","isPartOf":{"@id":"https:\/\/purple-mongoose-255597.hostingersite.com\/en\/#website"},"datePublished":"2024-06-13T22:34:34+00:00","dateModified":"2024-06-17T06:46:57+00:00","breadcrumb":{"@id":"https:\/\/bhn-energies.com\/de\/datenschutz\/#breadcrumb"},"inLanguage":"de","potentialAction":[{"@type":"ReadAction","target":["https:\/\/bhn-energies.com\/de\/datenschutz\/"]}]},{"@type":"BreadcrumbList","@id":"https:\/\/bhn-energies.com\/de\/datenschutz\/#breadcrumb","itemListElement":[{"@type":"ListItem","position":1,"name":"Home","item":"https:\/\/bhn-energies.com\/de\/"},{"@type":"ListItem","position":2,"name":"Datenschutz"}]},{"@type":"WebSite","@id":"https:\/\/purple-mongoose-255597.hostingersite.com\/en\/#website","url":"https:\/\/purple-mongoose-255597.hostingersite.com\/en\/","name":"bhn-energies.com","description":"Renewable Energy Solutions Company","publisher":{"@id":"https:\/\/purple-mongoose-255597.hostingersite.com\/en\/#organization"},"potentialAction":[{"@type":"SearchAction","target":{"@type":"EntryPoint","urlTemplate":"https:\/\/purple-mongoose-255597.hostingersite.com\/en\/?s={search_term_string}"},"query-input":{"@type":"PropertyValueSpecification","valueRequired":true,"valueName":"search_term_string"}}],"inLanguage":"de"},{"@type":"Organization","@id":"https:\/\/purple-mongoose-255597.hostingersite.com\/en\/#organization","name":"BHN Global Energies","url":"https:\/\/purple-mongoose-255597.hostingersite.com\/en\/","logo":{"@type":"ImageObject","inLanguage":"de","@id":"https:\/\/purple-mongoose-255597.hostingersite.com\/en\/#\/schema\/logo\/image\/","url":"https:\/\/i0.wp.com\/bhn-energies.com\/wp-content\/uploads\/2024\/06\/cropped-logo.jpg?fit=512%2C512&ssl=1","contentUrl":"https:\/\/i0.wp.com\/bhn-energies.com\/wp-content\/uploads\/2024\/06\/cropped-logo.jpg?fit=512%2C512&ssl=1","width":512,"height":512,"caption":"BHN Global Energies"},"image":{"@id":"https:\/\/purple-mongoose-255597.hostingersite.com\/en\/#\/schema\/logo\/image\/"},"sameAs":["https:\/\/www.facebook.com\/profile.php?id=100063859522364","https:\/\/x.com\/bhn_gmbh","https:\/\/www.instagram.com\/bhn_global_energies_gmbh\/","https:\/\/www.linkedin.com\/in\/bhn-global-energies-gmbh-939a10311\/"]}]}},"_links":{"self":[{"href":"https:\/\/bhn-energies.com\/de\/wp-json\/wp\/v2\/pages\/7309"}],"collection":[{"href":"https:\/\/bhn-energies.com\/de\/wp-json\/wp\/v2\/pages"}],"about":[{"href":"https:\/\/bhn-energies.com\/de\/wp-json\/wp\/v2\/types\/page"}],"author":[{"embeddable":true,"href":"https:\/\/bhn-energies.com\/de\/wp-json\/wp\/v2\/users\/5"}],"replies":[{"embeddable":true,"href":"https:\/\/bhn-energies.com\/de\/wp-json\/wp\/v2\/comments?post=7309"}],"version-history":[{"count":1,"href":"https:\/\/bhn-energies.com\/de\/wp-json\/wp\/v2\/pages\/7309\/revisions"}],"predecessor-version":[{"id":7315,"href":"https:\/\/bhn-energies.com\/de\/wp-json\/wp\/v2\/pages\/7309\/revisions\/7315"}],"wp:attachment":[{"href":"https:\/\/bhn-energies.com\/de\/wp-json\/wp\/v2\/media?parent=7309"}],"curies":[{"name":"wp","href":"https:\/\/api.w.org\/{rel}","templated":true}]}}