{"id":7308,"date":"2024-06-06T19:40:16","date_gmt":"2024-06-06T19:40:16","guid":{"rendered":"https:\/battery-storage\/"},"modified":"2024-06-17T17:19:22","modified_gmt":"2024-06-17T17:19:22","slug":"batteriespeicher","status":"publish","type":"page","link":"https:\/\/bhn-energies.com\/de\/batteriespeicher\/","title":{"rendered":"Batteriespeicher"},"content":{"rendered":"\t\t<div data-elementor-type=\"wp-page\" data-elementor-id=\"7308\" class=\"elementor elementor-7308\">\n\t\t\t\t\t\t<section class=\"elementor-section elementor-top-section elementor-element elementor-element-2591b6a7 elementor-section-boxed elementor-section-height-default elementor-section-height-default\" data-id=\"2591b6a7\" data-element_type=\"section\">\n\t\t\t\t\t\t<div class=\"elementor-container elementor-column-gap-default\">\n\t\t\t\t\t<div class=\"elementor-column elementor-col-100 elementor-top-column elementor-element elementor-element-286d7560\" data-id=\"286d7560\" data-element_type=\"column\">\n\t\t\t<div class=\"elementor-widget-wrap elementor-element-populated\">\n\t\t\t\t\t\t<div class=\"elementor-element elementor-element-16b576cd elementor-widget elementor-widget-spacer\" data-id=\"16b576cd\" data-element_type=\"widget\" data-widget_type=\"spacer.default\">\n\t\t\t\t<div class=\"elementor-widget-container\">\n\t\t\t\t\t\t\t<div class=\"elementor-spacer\">\n\t\t\t<div class=\"elementor-spacer-inner\"><\/div>\n\t\t<\/div>\n\t\t\t\t\t\t<\/div>\n\t\t\t\t<\/div>\n\t\t\t\t<div class=\"elementor-element elementor-element-7b48cfb1 elementor-widget elementor-widget-heading\" data-id=\"7b48cfb1\" data-element_type=\"widget\" data-widget_type=\"heading.default\">\n\t\t\t\t<div class=\"elementor-widget-container\">\n\t\t\t\t\t<h3 class=\"elementor-heading-title elementor-size-default\">L\u00f6sungen f\u00fcr die Installation von Batteriespeichern<\/h3>\t\t\t\t<\/div>\n\t\t\t\t<\/div>\n\t\t\t\t\t<\/div>\n\t\t<\/div>\n\t\t\t\t\t<\/div>\n\t\t<\/section>\n\t\t\t\t<section class=\"elementor-section elementor-top-section elementor-element elementor-element-4f1ba852 elementor-section-boxed elementor-section-height-default elementor-section-height-default\" data-id=\"4f1ba852\" data-element_type=\"section\">\n\t\t\t\t\t\t<div class=\"elementor-container elementor-column-gap-default\">\n\t\t\t\t\t<div class=\"elementor-column elementor-col-100 elementor-top-column elementor-element elementor-element-71f01b0b\" data-id=\"71f01b0b\" data-element_type=\"column\">\n\t\t\t<div class=\"elementor-widget-wrap elementor-element-populated\">\n\t\t\t\t\t\t<div class=\"elementor-element elementor-element-6d673ee0 elementor-widget elementor-widget-spacer\" data-id=\"6d673ee0\" data-element_type=\"widget\" data-widget_type=\"spacer.default\">\n\t\t\t\t<div class=\"elementor-widget-container\">\n\t\t\t\t\t\t\t<div class=\"elementor-spacer\">\n\t\t\t<div class=\"elementor-spacer-inner\"><\/div>\n\t\t<\/div>\n\t\t\t\t\t\t<\/div>\n\t\t\t\t<\/div>\n\t\t\t\t\t<\/div>\n\t\t<\/div>\n\t\t\t\t\t<\/div>\n\t\t<\/section>\n\t\t\t\t<section class=\"elementor-section elementor-top-section elementor-element elementor-element-2d9c5cb1 elementor-section-boxed elementor-section-height-default elementor-section-height-default\" data-id=\"2d9c5cb1\" data-element_type=\"section\">\n\t\t\t\t\t\t<div class=\"elementor-container elementor-column-gap-default\">\n\t\t\t\t\t<div class=\"elementor-column elementor-col-100 elementor-top-column elementor-element elementor-element-47dd5c95\" data-id=\"47dd5c95\" data-element_type=\"column\">\n\t\t\t<div class=\"elementor-widget-wrap elementor-element-populated\">\n\t\t\t\t\t\t<div class=\"elementor-element elementor-element-1068be4c elementor-widget elementor-widget-text-editor\" data-id=\"1068be4c\" data-element_type=\"widget\" data-widget_type=\"text-editor.default\">\n\t\t\t\t<div class=\"elementor-widget-container\">\n\t\t\t\t\t\t\t\t\t<p>In einer Welt, die zunehmend auf erneuerbare Energiequellen angewiesen ist, <b>ist eine effektive Energiespeicherung entscheidend f\u00fcr die Gew\u00e4hrleistung von Stabilit\u00e4t und Zuverl\u00e4ssigkeit<\/b>. BHN Global Energies <span style=\"color: #339966;\">bietet umfassende L\u00f6sungen f\u00fcr die Installation von Batteriespeichern<\/span> an, um die Energienutzung zu optimieren, die Energieunabh\u00e4ngigkeit zu verbessern und eine nachhaltige Zukunft zu unterst\u00fctzen.<\/p>\n\t\t\t\t\t\t\t\t<\/div>\n\t\t\t\t<\/div>\n\t\t\t\t\t<\/div>\n\t\t<\/div>\n\t\t\t\t\t<\/div>\n\t\t<\/section>\n\t\t<div class=\"elementor-element elementor-element-7c9fcb9 e-grid e-con-boxed e-con e-parent\" data-id=\"7c9fcb9\" data-element_type=\"container\">\n\t\t\t\t\t<div class=\"e-con-inner\">\n\t\t\t\t<div class=\"elementor-element elementor-element-a5e6ffc elementor-widget elementor-widget-image\" data-id=\"a5e6ffc\" data-element_type=\"widget\" data-widget_type=\"image.default\">\n\t\t\t\t<div class=\"elementor-widget-container\">\n\t\t\t\t\t\t\t\t\t\t\t\t\t\t\t<img fetchpriority=\"high\" decoding=\"async\" width=\"640\" height=\"360\" src=\"https:\/\/bhn-energies.com\/wp-content\/uploads\/2024\/06\/battery-storage-systems-1-1.jpg\" class=\"attachment-large size-large wp-image-6562\" alt=\"\" srcset=\"https:\/\/bhn-energies.com\/wp-content\/uploads\/2024\/06\/battery-storage-systems-1-1.jpg 640w, https:\/\/bhn-energies.com\/wp-content\/uploads\/2024\/06\/battery-storage-systems-1-1-300x169.jpg 300w\" sizes=\"(max-width: 640px) 100vw, 640px\" \/>\t\t\t\t\t\t\t\t\t\t\t\t\t\t\t<\/div>\n\t\t\t\t<\/div>\n\t\t\t\t\t<\/div>\n\t\t\t\t<\/div>\n\t\t\t\t<section class=\"elementor-section elementor-top-section elementor-element elementor-element-1e797325 elementor-section-boxed elementor-section-height-default elementor-section-height-default\" data-id=\"1e797325\" data-element_type=\"section\">\n\t\t\t\t\t\t<div class=\"elementor-container elementor-column-gap-default\">\n\t\t\t\t\t<div class=\"elementor-column elementor-col-100 elementor-top-column elementor-element elementor-element-4f67ff6b\" data-id=\"4f67ff6b\" data-element_type=\"column\">\n\t\t\t<div class=\"elementor-widget-wrap elementor-element-populated\">\n\t\t\t\t\t\t<div class=\"elementor-element elementor-element-46715940 elementor-widget elementor-widget-spacer\" data-id=\"46715940\" data-element_type=\"widget\" data-widget_type=\"spacer.default\">\n\t\t\t\t<div class=\"elementor-widget-container\">\n\t\t\t\t\t\t\t<div class=\"elementor-spacer\">\n\t\t\t<div class=\"elementor-spacer-inner\"><\/div>\n\t\t<\/div>\n\t\t\t\t\t\t<\/div>\n\t\t\t\t<\/div>\n\t\t\t\t\t<\/div>\n\t\t<\/div>\n\t\t\t\t\t<\/div>\n\t\t<\/section>\n\t\t\t\t<section class=\"elementor-section elementor-top-section elementor-element elementor-element-11f89975 elementor-section-boxed elementor-section-height-default elementor-section-height-default\" data-id=\"11f89975\" data-element_type=\"section\">\n\t\t\t\t\t\t<div class=\"elementor-container elementor-column-gap-default\">\n\t\t\t\t\t<div class=\"elementor-column elementor-col-100 elementor-top-column elementor-element elementor-element-d02f523\" data-id=\"d02f523\" data-element_type=\"column\">\n\t\t\t<div class=\"elementor-widget-wrap elementor-element-populated\">\n\t\t\t\t\t\t<div class=\"elementor-element elementor-element-4e8d57d2 elementor-widget elementor-widget-spacer\" data-id=\"4e8d57d2\" data-element_type=\"widget\" data-widget_type=\"spacer.default\">\n\t\t\t\t<div class=\"elementor-widget-container\">\n\t\t\t\t\t\t\t<div class=\"elementor-spacer\">\n\t\t\t<div class=\"elementor-spacer-inner\"><\/div>\n\t\t<\/div>\n\t\t\t\t\t\t<\/div>\n\t\t\t\t<\/div>\n\t\t\t\t\t<\/div>\n\t\t<\/div>\n\t\t\t\t\t<\/div>\n\t\t<\/section>\n\t\t\t\t<section class=\"elementor-section elementor-top-section elementor-element elementor-element-ceb1ff1 elementor-section-boxed elementor-section-height-default elementor-section-height-default\" data-id=\"ceb1ff1\" data-element_type=\"section\">\n\t\t\t\t\t\t<div class=\"elementor-container elementor-column-gap-default\">\n\t\t\t\t\t<div class=\"elementor-column elementor-col-100 elementor-top-column elementor-element elementor-element-34ff01ab\" data-id=\"34ff01ab\" data-element_type=\"column\">\n\t\t\t<div class=\"elementor-widget-wrap elementor-element-populated\">\n\t\t\t\t\t\t<div class=\"elementor-element elementor-element-4271658d elementor-widget elementor-widget-heading\" data-id=\"4271658d\" data-element_type=\"widget\" data-widget_type=\"heading.default\">\n\t\t\t\t<div class=\"elementor-widget-container\">\n\t\t\t\t\t<h4 class=\"elementor-heading-title elementor-size-default\">Unsere L\u00f6sungen<\/h4>\t\t\t\t<\/div>\n\t\t\t\t<\/div>\n\t\t\t\t\t<\/div>\n\t\t<\/div>\n\t\t\t\t\t<\/div>\n\t\t<\/section>\n\t\t\t\t<section class=\"elementor-section elementor-top-section elementor-element elementor-element-5db34a7c elementor-section-boxed elementor-section-height-default elementor-section-height-default\" data-id=\"5db34a7c\" data-element_type=\"section\">\n\t\t\t\t\t\t<div class=\"elementor-container elementor-column-gap-default\">\n\t\t\t\t\t<div class=\"elementor-column elementor-col-100 elementor-top-column elementor-element elementor-element-5f881b12\" data-id=\"5f881b12\" data-element_type=\"column\">\n\t\t\t<div class=\"elementor-widget-wrap elementor-element-populated\">\n\t\t\t\t\t\t<div class=\"elementor-element elementor-element-593d007d elementor-widget elementor-widget-spacer\" data-id=\"593d007d\" data-element_type=\"widget\" data-widget_type=\"spacer.default\">\n\t\t\t\t<div class=\"elementor-widget-container\">\n\t\t\t\t\t\t\t<div class=\"elementor-spacer\">\n\t\t\t<div class=\"elementor-spacer-inner\"><\/div>\n\t\t<\/div>\n\t\t\t\t\t\t<\/div>\n\t\t\t\t<\/div>\n\t\t\t\t\t<\/div>\n\t\t<\/div>\n\t\t\t\t\t<\/div>\n\t\t<\/section>\n\t\t\t\t<section class=\"elementor-section elementor-top-section elementor-element elementor-element-799805e5 elementor-section-boxed elementor-section-height-default elementor-section-height-default\" data-id=\"799805e5\" data-element_type=\"section\">\n\t\t\t\t\t\t<div class=\"elementor-container elementor-column-gap-default\">\n\t\t\t\t\t<div class=\"elementor-column elementor-col-100 elementor-top-column elementor-element elementor-element-4fe5d7bd\" data-id=\"4fe5d7bd\" data-element_type=\"column\">\n\t\t\t<div class=\"elementor-widget-wrap elementor-element-populated\">\n\t\t\t\t\t\t<div class=\"elementor-element elementor-element-f39ef8e elementor-widget elementor-widget-text-editor\" data-id=\"f39ef8e\" data-element_type=\"widget\" data-widget_type=\"text-editor.default\">\n\t\t\t\t<div class=\"elementor-widget-container\">\n\t\t\t\t\t\t\t\t\t<ul class=\"irecco_check\">\n<li style=\"line-height: 30px; margin-bottom: 12px;\"><b>Batteriespeichersysteme f\u00fcr Privathaushalte<br><\/b>Unsere Batteriespeicherl\u00f6sungen f\u00fcr Privathaushalte erm\u00f6glichen es Hausbesitzern, \u00fcbersch\u00fcssige Energie zu speichern, die aus erneuerbaren Quellen wie Solarzellen gewonnen wird. Diese gespeicherte Energie kann bei Bedarfsspitzen oder Stromausf\u00e4llen genutzt werden, um eine kontinuierliche Stromversorgung zu gew\u00e4hrleisten und die Abh\u00e4ngigkeit vom Stromnetz zu verringern.<\/li>\n<li style=\"line-height: 30px; margin-bottom: 12px;\"><b>Kommerzielle Batteriespeicherl\u00f6sungen<br><\/b>F\u00fcr Unternehmen bieten unsere kommerziellen Batteriespeichersysteme eine zuverl\u00e4ssige M\u00f6glichkeit, den Energieverbrauch zu verwalten, die Stromkosten zu senken und die Bem\u00fchungen um Nachhaltigkeit zu verbessern. Diese Systeme sind ideal f\u00fcr Spitzenlastreduzierung, Lastverschiebung und Notstromversorgung und gew\u00e4hrleisten die Betriebskontinuit\u00e4t.<\/li>\n<li style=\"line-height: 30px; margin-bottom: 12px;\"><b>Netzgebundene Energiespeicherung<br><\/b>Unsere netzgebundenen Batteriespeicherl\u00f6sungen unterst\u00fctzen Versorgungsunternehmen und Gro\u00dfprojekte im Bereich der erneuerbaren Energien, indem sie wichtige Dienste wie Frequenzregulierung, Netzstabilisierung und Spitzenbedarfsmanagement bereitstellen. Diese Systeme verbessern die Zuverl\u00e4ssigkeit und Effizienz des Stromnetzes.<\/li>\n<li style=\"line-height: 30px; margin-bottom: 12px;\"><b>Hybride Energiesysteme<br><\/b>Wir bieten integrierte hybride Energiesysteme an, die Batteriespeicher mit erneuerbaren Energiequellen wie Sonne oder Wind kombinieren. Diese Systeme maximieren die Energieeffizienz und bieten einen nahtlosen \u00dcbergang zwischen Energieerzeugung und -speicherung f\u00fcr optimale Leistung.<\/li>\n<li style=\"font-weight: 400;\" aria-level=\"1\"><b>Integration erneuerbarer Energien<br><\/b><span style=\"font-weight: 400;\">Unsere Batteriespeicherl\u00f6sungen sind so konzipiert, dass sie nahtlos mit verschiedenen erneuerbaren Energiesystemen zusammenarbeiten und deren Effizienz und Zuverl\u00e4ssigkeit verbessern. Durch die Speicherung \u00fcbersch\u00fcssiger Energie, die w\u00e4hrend der Produktionsspitzen erzeugt wird, sorgen unsere Systeme f\u00fcr eine kontinuierliche Versorgung mit sauberer Energie.<\/span><\/li>\n<li style=\"line-height: 30px; margin-bottom: 12px;\"><b>Notstromversorgung<br><\/b>Sorgen Sie mit unseren zuverl\u00e4ssigen Batterie-Backup-Systemen f\u00fcr eine unterbrechungsfreie Stromversorgung bei Stromausf\u00e4llen. Diese L\u00f6sungen sorgen daf\u00fcr, dass Sie sich keine Sorgen machen m\u00fcssen, weil sie den Betrieb kritischer Anlagen und wichtiger Dienste aufrechterhalten, wenn das Stromnetz ausf\u00e4llt.<\/li>\n<li style=\"line-height: 30px; margin-bottom: 12px;\"><b>Fortschrittliche \u00dcberwachungs- und Kontrollsysteme<br><\/b>Unsere Batteriespeicherinstallationen sind mit hochmodernen \u00dcberwachungs- und Kontrollsystemen ausgestattet, die es den Benutzern erm\u00f6glichen, den Energieverbrauch, die Speicherkapazit\u00e4t und die Systemleistung in Echtzeit zu verfolgen. Diese Funktionen erm\u00f6glichen eine effiziente Energieverwaltung und -optimierung.<\/li>\n<li style=\"line-height: 30px; margin-bottom: 12px;\"><b>Wartungs- und Supportservices<br><\/b>Wir bieten umfassende Wartungs- und Supportservices, um sicherzustellen, dass Ihr Batteriespeichersystem mit h\u00f6chster Effizienz arbeitet. Unser Team von qualifizierten Technikern steht Ihnen f\u00fcr regelm\u00e4\u00dfige Wartung, Fehlerbehebung und Upgrades zur Verf\u00fcgung, damit Ihr System reibungslos funktioniert.<\/li>\n<\/ul>\t\t\t\t\t\t\t\t<\/div>\n\t\t\t\t<\/div>\n\t\t\t\t\t<\/div>\n\t\t<\/div>\n\t\t\t\t\t<\/div>\n\t\t<\/section>\n\t\t\t\t<\/div>\n\t\t","protected":false},"excerpt":{"rendered":"<p>L\u00f6sungen f\u00fcr die Installation von Batteriespeichern In einer Welt, die zunehmend auf erneuerbare Energiequellen angewiesen ist, ist eine effektive Energiespeicherung entscheidend f\u00fcr die Gew\u00e4hrleistung von Stabilit\u00e4t und Zuverl\u00e4ssigkeit. BHN Global Energies bietet umfassende L\u00f6sungen f\u00fcr die Installation von Batteriespeichern an, um die Energienutzung zu optimieren, die Energieunabh\u00e4ngigkeit zu verbessern und eine nachhaltige Zukunft zu unterst\u00fctzen. [&hellip;]<\/p>\n","protected":false},"author":5,"featured_media":0,"parent":0,"menu_order":0,"comment_status":"closed","ping_status":"closed","template":"","meta":{"nf_dc_page":"","footnotes":""},"class_list":["post-7308","page","type-page","status-publish","hentry"],"yoast_head":"<!-- This site is optimized with the Yoast SEO plugin v24.4 - https:\/\/yoast.com\/wordpress\/plugins\/seo\/ -->\n<title>Batteriespeicher - bhn-energies.com<\/title>\n<meta name=\"robots\" content=\"index, follow, max-snippet:-1, max-image-preview:large, max-video-preview:-1\" \/>\n<link rel=\"canonical\" href=\"https:\/\/bhn-energies.com\/de\/batteriespeicher\/\" \/>\n<meta property=\"og:locale\" content=\"de_DE\" \/>\n<meta property=\"og:type\" content=\"article\" \/>\n<meta property=\"og:title\" content=\"Batteriespeicher - bhn-energies.com\" \/>\n<meta property=\"og:description\" content=\"L\u00f6sungen f\u00fcr die Installation von Batteriespeichern In einer Welt, die zunehmend auf erneuerbare Energiequellen angewiesen ist, ist eine effektive Energiespeicherung entscheidend f\u00fcr die Gew\u00e4hrleistung von Stabilit\u00e4t und Zuverl\u00e4ssigkeit. BHN Global Energies bietet umfassende L\u00f6sungen f\u00fcr die Installation von Batteriespeichern an, um die Energienutzung zu optimieren, die Energieunabh\u00e4ngigkeit zu verbessern und eine nachhaltige Zukunft zu unterst\u00fctzen. [&hellip;]\" \/>\n<meta property=\"og:url\" content=\"https:\/\/bhn-energies.com\/de\/batteriespeicher\/\" \/>\n<meta property=\"og:site_name\" content=\"bhn-energies.com\" \/>\n<meta property=\"article:publisher\" content=\"https:\/\/www.facebook.com\/profile.php?id=100063859522364\" \/>\n<meta property=\"article:modified_time\" content=\"2024-06-17T17:19:22+00:00\" \/>\n<meta property=\"og:image\" content=\"https:\/\/i0.wp.com\/bhn-energies.com\/wp-content\/uploads\/2024\/06\/battery-storage-systems-1-1.jpg?fit=640%2C360&amp;ssl=1\" \/>\n<meta name=\"twitter:card\" content=\"summary_large_image\" \/>\n<meta name=\"twitter:site\" content=\"@bhn_gmbh\" \/>\n<meta name=\"twitter:label1\" content=\"Gesch\u00e4tzte Lesezeit\" \/>\n\t<meta name=\"twitter:data1\" content=\"2\u00a0Minuten\" \/>\n<script type=\"application\/ld+json\" class=\"yoast-schema-graph\">{\"@context\":\"https:\/\/schema.org\",\"@graph\":[{\"@type\":\"WebPage\",\"@id\":\"https:\/\/bhn-energies.com\/de\/batteriespeicher\/\",\"url\":\"https:\/\/bhn-energies.com\/de\/batteriespeicher\/\",\"name\":\"Batteriespeicher - bhn-energies.com\",\"isPartOf\":{\"@id\":\"https:\/\/purple-mongoose-255597.hostingersite.com\/en\/#website\"},\"primaryImageOfPage\":{\"@id\":\"https:\/\/bhn-energies.com\/de\/batteriespeicher\/#primaryimage\"},\"image\":{\"@id\":\"https:\/\/bhn-energies.com\/de\/batteriespeicher\/#primaryimage\"},\"thumbnailUrl\":\"https:\/\/i0.wp.com\/bhn-energies.com\/wp-content\/uploads\/2024\/06\/battery-storage-systems-1-1.jpg?fit=640%2C360&amp;ssl=1\",\"datePublished\":\"2024-06-06T19:40:16+00:00\",\"dateModified\":\"2024-06-17T17:19:22+00:00\",\"breadcrumb\":{\"@id\":\"https:\/\/bhn-energies.com\/de\/batteriespeicher\/#breadcrumb\"},\"inLanguage\":\"de\",\"potentialAction\":[{\"@type\":\"ReadAction\",\"target\":[\"https:\/\/bhn-energies.com\/de\/batteriespeicher\/\"]}]},{\"@type\":\"ImageObject\",\"inLanguage\":\"de\",\"@id\":\"https:\/\/bhn-energies.com\/de\/batteriespeicher\/#primaryimage\",\"url\":\"https:\/\/i0.wp.com\/bhn-energies.com\/wp-content\/uploads\/2024\/06\/battery-storage-systems-1-1.jpg?fit=640%2C360&amp;ssl=1\",\"contentUrl\":\"https:\/\/i0.wp.com\/bhn-energies.com\/wp-content\/uploads\/2024\/06\/battery-storage-systems-1-1.jpg?fit=640%2C360&amp;ssl=1\"},{\"@type\":\"BreadcrumbList\",\"@id\":\"https:\/\/bhn-energies.com\/de\/batteriespeicher\/#breadcrumb\",\"itemListElement\":[{\"@type\":\"ListItem\",\"position\":1,\"name\":\"Home\",\"item\":\"https:\/\/bhn-energies.com\/de\/\"},{\"@type\":\"ListItem\",\"position\":2,\"name\":\"Batteriespeicher\"}]},{\"@type\":\"WebSite\",\"@id\":\"https:\/\/purple-mongoose-255597.hostingersite.com\/en\/#website\",\"url\":\"https:\/\/purple-mongoose-255597.hostingersite.com\/en\/\",\"name\":\"bhn-energies.com\",\"description\":\"Renewable Energy Solutions Company\",\"publisher\":{\"@id\":\"https:\/\/purple-mongoose-255597.hostingersite.com\/en\/#organization\"},\"potentialAction\":[{\"@type\":\"SearchAction\",\"target\":{\"@type\":\"EntryPoint\",\"urlTemplate\":\"https:\/\/purple-mongoose-255597.hostingersite.com\/en\/?s={search_term_string}\"},\"query-input\":{\"@type\":\"PropertyValueSpecification\",\"valueRequired\":true,\"valueName\":\"search_term_string\"}}],\"inLanguage\":\"de\"},{\"@type\":\"Organization\",\"@id\":\"https:\/\/purple-mongoose-255597.hostingersite.com\/en\/#organization\",\"name\":\"BHN Global Energies\",\"url\":\"https:\/\/purple-mongoose-255597.hostingersite.com\/en\/\",\"logo\":{\"@type\":\"ImageObject\",\"inLanguage\":\"de\",\"@id\":\"https:\/\/purple-mongoose-255597.hostingersite.com\/en\/#\/schema\/logo\/image\/\",\"url\":\"https:\/\/i0.wp.com\/bhn-energies.com\/wp-content\/uploads\/2024\/06\/cropped-logo.jpg?fit=512%2C512&ssl=1\",\"contentUrl\":\"https:\/\/i0.wp.com\/bhn-energies.com\/wp-content\/uploads\/2024\/06\/cropped-logo.jpg?fit=512%2C512&ssl=1\",\"width\":512,\"height\":512,\"caption\":\"BHN Global Energies\"},\"image\":{\"@id\":\"https:\/\/purple-mongoose-255597.hostingersite.com\/en\/#\/schema\/logo\/image\/\"},\"sameAs\":[\"https:\/\/www.facebook.com\/profile.php?id=100063859522364\",\"https:\/\/x.com\/bhn_gmbh\",\"https:\/\/www.instagram.com\/bhn_global_energies_gmbh\/\",\"https:\/\/www.linkedin.com\/in\/bhn-global-energies-gmbh-939a10311\/\"]}]}<\/script>\n<!-- \/ Yoast SEO plugin. -->","yoast_head_json":{"title":"Batteriespeicher - bhn-energies.com","robots":{"index":"index","follow":"follow","max-snippet":"max-snippet:-1","max-image-preview":"max-image-preview:large","max-video-preview":"max-video-preview:-1"},"canonical":"https:\/\/bhn-energies.com\/de\/batteriespeicher\/","og_locale":"de_DE","og_type":"article","og_title":"Batteriespeicher - bhn-energies.com","og_description":"L\u00f6sungen f\u00fcr die Installation von Batteriespeichern In einer Welt, die zunehmend auf erneuerbare Energiequellen angewiesen ist, ist eine effektive Energiespeicherung entscheidend f\u00fcr die Gew\u00e4hrleistung von Stabilit\u00e4t und Zuverl\u00e4ssigkeit. BHN Global Energies bietet umfassende L\u00f6sungen f\u00fcr die Installation von Batteriespeichern an, um die Energienutzung zu optimieren, die Energieunabh\u00e4ngigkeit zu verbessern und eine nachhaltige Zukunft zu unterst\u00fctzen. [&hellip;]","og_url":"https:\/\/bhn-energies.com\/de\/batteriespeicher\/","og_site_name":"bhn-energies.com","article_publisher":"https:\/\/www.facebook.com\/profile.php?id=100063859522364","article_modified_time":"2024-06-17T17:19:22+00:00","og_image":[{"url":"https:\/\/i0.wp.com\/bhn-energies.com\/wp-content\/uploads\/2024\/06\/battery-storage-systems-1-1.jpg?fit=640%2C360&amp;ssl=1","type":"","width":"","height":""}],"twitter_card":"summary_large_image","twitter_site":"@bhn_gmbh","twitter_misc":{"Gesch\u00e4tzte Lesezeit":"2\u00a0Minuten"},"schema":{"@context":"https:\/\/schema.org","@graph":[{"@type":"WebPage","@id":"https:\/\/bhn-energies.com\/de\/batteriespeicher\/","url":"https:\/\/bhn-energies.com\/de\/batteriespeicher\/","name":"Batteriespeicher - bhn-energies.com","isPartOf":{"@id":"https:\/\/purple-mongoose-255597.hostingersite.com\/en\/#website"},"primaryImageOfPage":{"@id":"https:\/\/bhn-energies.com\/de\/batteriespeicher\/#primaryimage"},"image":{"@id":"https:\/\/bhn-energies.com\/de\/batteriespeicher\/#primaryimage"},"thumbnailUrl":"https:\/\/i0.wp.com\/bhn-energies.com\/wp-content\/uploads\/2024\/06\/battery-storage-systems-1-1.jpg?fit=640%2C360&amp;ssl=1","datePublished":"2024-06-06T19:40:16+00:00","dateModified":"2024-06-17T17:19:22+00:00","breadcrumb":{"@id":"https:\/\/bhn-energies.com\/de\/batteriespeicher\/#breadcrumb"},"inLanguage":"de","potentialAction":[{"@type":"ReadAction","target":["https:\/\/bhn-energies.com\/de\/batteriespeicher\/"]}]},{"@type":"ImageObject","inLanguage":"de","@id":"https:\/\/bhn-energies.com\/de\/batteriespeicher\/#primaryimage","url":"https:\/\/i0.wp.com\/bhn-energies.com\/wp-content\/uploads\/2024\/06\/battery-storage-systems-1-1.jpg?fit=640%2C360&amp;ssl=1","contentUrl":"https:\/\/i0.wp.com\/bhn-energies.com\/wp-content\/uploads\/2024\/06\/battery-storage-systems-1-1.jpg?fit=640%2C360&amp;ssl=1"},{"@type":"BreadcrumbList","@id":"https:\/\/bhn-energies.com\/de\/batteriespeicher\/#breadcrumb","itemListElement":[{"@type":"ListItem","position":1,"name":"Home","item":"https:\/\/bhn-energies.com\/de\/"},{"@type":"ListItem","position":2,"name":"Batteriespeicher"}]},{"@type":"WebSite","@id":"https:\/\/purple-mongoose-255597.hostingersite.com\/en\/#website","url":"https:\/\/purple-mongoose-255597.hostingersite.com\/en\/","name":"bhn-energies.com","description":"Renewable Energy Solutions Company","publisher":{"@id":"https:\/\/purple-mongoose-255597.hostingersite.com\/en\/#organization"},"potentialAction":[{"@type":"SearchAction","target":{"@type":"EntryPoint","urlTemplate":"https:\/\/purple-mongoose-255597.hostingersite.com\/en\/?s={search_term_string}"},"query-input":{"@type":"PropertyValueSpecification","valueRequired":true,"valueName":"search_term_string"}}],"inLanguage":"de"},{"@type":"Organization","@id":"https:\/\/purple-mongoose-255597.hostingersite.com\/en\/#organization","name":"BHN Global Energies","url":"https:\/\/purple-mongoose-255597.hostingersite.com\/en\/","logo":{"@type":"ImageObject","inLanguage":"de","@id":"https:\/\/purple-mongoose-255597.hostingersite.com\/en\/#\/schema\/logo\/image\/","url":"https:\/\/i0.wp.com\/bhn-energies.com\/wp-content\/uploads\/2024\/06\/cropped-logo.jpg?fit=512%2C512&ssl=1","contentUrl":"https:\/\/i0.wp.com\/bhn-energies.com\/wp-content\/uploads\/2024\/06\/cropped-logo.jpg?fit=512%2C512&ssl=1","width":512,"height":512,"caption":"BHN Global Energies"},"image":{"@id":"https:\/\/purple-mongoose-255597.hostingersite.com\/en\/#\/schema\/logo\/image\/"},"sameAs":["https:\/\/www.facebook.com\/profile.php?id=100063859522364","https:\/\/x.com\/bhn_gmbh","https:\/\/www.instagram.com\/bhn_global_energies_gmbh\/","https:\/\/www.linkedin.com\/in\/bhn-global-energies-gmbh-939a10311\/"]}]}},"_links":{"self":[{"href":"https:\/\/bhn-energies.com\/de\/wp-json\/wp\/v2\/pages\/7308"}],"collection":[{"href":"https:\/\/bhn-energies.com\/de\/wp-json\/wp\/v2\/pages"}],"about":[{"href":"https:\/\/bhn-energies.com\/de\/wp-json\/wp\/v2\/types\/page"}],"author":[{"embeddable":true,"href":"https:\/\/bhn-energies.com\/de\/wp-json\/wp\/v2\/users\/5"}],"replies":[{"embeddable":true,"href":"https:\/\/bhn-energies.com\/de\/wp-json\/wp\/v2\/comments?post=7308"}],"version-history":[{"count":2,"href":"https:\/\/bhn-energies.com\/de\/wp-json\/wp\/v2\/pages\/7308\/revisions"}],"predecessor-version":[{"id":7389,"href":"https:\/\/bhn-energies.com\/de\/wp-json\/wp\/v2\/pages\/7308\/revisions\/7389"}],"wp:attachment":[{"href":"https:\/\/bhn-energies.com\/de\/wp-json\/wp\/v2\/media?parent=7308"}],"curies":[{"name":"wp","href":"https:\/\/api.w.org\/{rel}","templated":true}]}}