{"id":7306,"date":"2024-06-06T19:32:03","date_gmt":"2024-06-06T19:32:03","guid":{"rendered":"https:\/waermepumpen\/"},"modified":"2024-06-17T06:44:56","modified_gmt":"2024-06-17T06:44:56","slug":"waermepumpen","status":"publish","type":"page","link":"https:\/\/bhn-energies.com\/de\/waermepumpen\/","title":{"rendered":"W\u00e4rmepumpen"},"content":{"rendered":"\t\t<div data-elementor-type=\"wp-page\" data-elementor-id=\"7306\" class=\"elementor elementor-7306\">\n\t\t\t\t\t\t<section class=\"elementor-section elementor-top-section elementor-element elementor-element-2a720b61 elementor-section-boxed elementor-section-height-default elementor-section-height-default\" data-id=\"2a720b61\" data-element_type=\"section\">\n\t\t\t\t\t\t<div class=\"elementor-container elementor-column-gap-default\">\n\t\t\t\t\t<div class=\"elementor-column elementor-col-100 elementor-top-column elementor-element elementor-element-20aee1de\" data-id=\"20aee1de\" data-element_type=\"column\">\n\t\t\t<div class=\"elementor-widget-wrap elementor-element-populated\">\n\t\t\t\t\t\t<div class=\"elementor-element elementor-element-24125a0e elementor-widget elementor-widget-spacer\" data-id=\"24125a0e\" data-element_type=\"widget\" data-widget_type=\"spacer.default\">\n\t\t\t\t<div class=\"elementor-widget-container\">\n\t\t\t\t\t\t\t<div class=\"elementor-spacer\">\n\t\t\t<div class=\"elementor-spacer-inner\"><\/div>\n\t\t<\/div>\n\t\t\t\t\t\t<\/div>\n\t\t\t\t<\/div>\n\t\t\t\t<div class=\"elementor-element elementor-element-6bbc9037 elementor-widget elementor-widget-heading\" data-id=\"6bbc9037\" data-element_type=\"widget\" data-widget_type=\"heading.default\">\n\t\t\t\t<div class=\"elementor-widget-container\">\n\t\t\t\t\t<h3 class=\"elementor-heading-title elementor-size-default\">L\u00f6sungen f\u00fcr die Installation von W\u00e4rmepumpen<\/h3>\t\t\t\t<\/div>\n\t\t\t\t<\/div>\n\t\t\t\t\t<\/div>\n\t\t<\/div>\n\t\t\t\t\t<\/div>\n\t\t<\/section>\n\t\t\t\t<section class=\"elementor-section elementor-top-section elementor-element elementor-element-67bd32b0 elementor-section-boxed elementor-section-height-default elementor-section-height-default\" data-id=\"67bd32b0\" data-element_type=\"section\">\n\t\t\t\t\t\t<div class=\"elementor-container elementor-column-gap-default\">\n\t\t\t\t\t<div class=\"elementor-column elementor-col-100 elementor-top-column elementor-element elementor-element-5e38c661\" data-id=\"5e38c661\" data-element_type=\"column\">\n\t\t\t<div class=\"elementor-widget-wrap elementor-element-populated\">\n\t\t\t\t\t\t<div class=\"elementor-element elementor-element-6fa757e5 elementor-widget elementor-widget-spacer\" data-id=\"6fa757e5\" data-element_type=\"widget\" data-widget_type=\"spacer.default\">\n\t\t\t\t<div class=\"elementor-widget-container\">\n\t\t\t\t\t\t\t<div class=\"elementor-spacer\">\n\t\t\t<div class=\"elementor-spacer-inner\"><\/div>\n\t\t<\/div>\n\t\t\t\t\t\t<\/div>\n\t\t\t\t<\/div>\n\t\t\t\t\t<\/div>\n\t\t<\/div>\n\t\t\t\t\t<\/div>\n\t\t<\/section>\n\t\t\t\t<section class=\"elementor-section elementor-top-section elementor-element elementor-element-634213fc elementor-section-boxed elementor-section-height-default elementor-section-height-default\" data-id=\"634213fc\" data-element_type=\"section\">\n\t\t\t\t\t\t<div class=\"elementor-container elementor-column-gap-default\">\n\t\t\t\t\t<div class=\"elementor-column elementor-col-100 elementor-top-column elementor-element elementor-element-7de39a9f\" data-id=\"7de39a9f\" data-element_type=\"column\">\n\t\t\t<div class=\"elementor-widget-wrap elementor-element-populated\">\n\t\t\t\t\t\t<div class=\"elementor-element elementor-element-b8e495c elementor-widget elementor-widget-text-editor\" data-id=\"b8e495c\" data-element_type=\"widget\" data-widget_type=\"text-editor.default\">\n\t\t\t\t<div class=\"elementor-widget-container\">\n\t\t\t\t\t\t\t\t\t<p><span style=\"font-weight: 400;\">Da die Nachfrage nach energieeffizienten und umweltfreundlichen Heiz- und K\u00fchll\u00f6sungen steigt, <\/span><b>sind W\u00e4rmepumpen eine beliebte Wahl f\u00fcr private und gewerbliche Anwendungen geworden<\/b><span style=\"font-weight: 400;\">. Wir von BHN Global Energies <span style=\"color: #008080;\">sind darauf spezialisiert, umfassende L\u00f6sungen f\u00fcr die Installation von W\u00e4rmepumpen anzubieten<\/span>, die eine zuverl\u00e4ssige, kosteneffektive und nachhaltige Klimakontrolle erm\u00f6glichen.<\/span><\/p>\n\t\t\t\t\t\t\t\t<\/div>\n\t\t\t\t<\/div>\n\t\t\t\t\t<\/div>\n\t\t<\/div>\n\t\t\t\t\t<\/div>\n\t\t<\/section>\n\t\t\t\t<section class=\"elementor-section elementor-top-section elementor-element elementor-element-30e62a9a elementor-section-boxed elementor-section-height-default elementor-section-height-default\" data-id=\"30e62a9a\" data-element_type=\"section\">\n\t\t\t\t\t\t<div class=\"elementor-container elementor-column-gap-default\">\n\t\t\t\t\t<div class=\"elementor-column elementor-col-100 elementor-top-column elementor-element elementor-element-2b51272a\" data-id=\"2b51272a\" data-element_type=\"column\">\n\t\t\t<div class=\"elementor-widget-wrap elementor-element-populated\">\n\t\t\t\t\t\t<div class=\"elementor-element elementor-element-39290de1 elementor-widget elementor-widget-spacer\" data-id=\"39290de1\" data-element_type=\"widget\" data-widget_type=\"spacer.default\">\n\t\t\t\t<div class=\"elementor-widget-container\">\n\t\t\t\t\t\t\t<div class=\"elementor-spacer\">\n\t\t\t<div class=\"elementor-spacer-inner\"><\/div>\n\t\t<\/div>\n\t\t\t\t\t\t<\/div>\n\t\t\t\t<\/div>\n\t\t\t\t\t<\/div>\n\t\t<\/div>\n\t\t\t\t\t<\/div>\n\t\t<\/section>\n\t\t<div class=\"elementor-element elementor-element-361a0d9 e-flex e-con-boxed e-con e-parent\" data-id=\"361a0d9\" data-element_type=\"container\">\n\t\t\t\t\t<div class=\"e-con-inner\">\n\t\t\t\t<div class=\"elementor-element elementor-element-ed1fba6 elementor-widget elementor-widget-image\" data-id=\"ed1fba6\" data-element_type=\"widget\" data-widget_type=\"image.default\">\n\t\t\t\t<div class=\"elementor-widget-container\">\n\t\t\t\t\t\t\t\t\t\t\t\t\t\t\t<img fetchpriority=\"high\" decoding=\"async\" width=\"1000\" height=\"561\" src=\"https:\/\/bhn-energies.com\/wp-content\/uploads\/2024\/06\/Heat-Pump-photo.jpg\" class=\"attachment-large size-large wp-image-6419\" alt=\"Heat Pump photo\" srcset=\"https:\/\/bhn-energies.com\/wp-content\/uploads\/2024\/06\/Heat-Pump-photo.jpg 1000w, https:\/\/bhn-energies.com\/wp-content\/uploads\/2024\/06\/Heat-Pump-photo-300x168.jpg 300w, https:\/\/bhn-energies.com\/wp-content\/uploads\/2024\/06\/Heat-Pump-photo-768x431.jpg 768w\" sizes=\"(max-width: 1000px) 100vw, 1000px\" \/>\t\t\t\t\t\t\t\t\t\t\t\t\t\t\t<\/div>\n\t\t\t\t<\/div>\n\t\t\t\t\t<\/div>\n\t\t\t\t<\/div>\n\t\t\t\t<section class=\"elementor-section elementor-top-section elementor-element elementor-element-2b12b613 elementor-section-boxed elementor-section-height-default elementor-section-height-default\" data-id=\"2b12b613\" data-element_type=\"section\">\n\t\t\t\t\t\t<div class=\"elementor-container elementor-column-gap-default\">\n\t\t\t\t\t<div class=\"elementor-column elementor-col-100 elementor-top-column elementor-element elementor-element-404d19a9\" data-id=\"404d19a9\" data-element_type=\"column\">\n\t\t\t<div class=\"elementor-widget-wrap elementor-element-populated\">\n\t\t\t\t\t\t<div class=\"elementor-element elementor-element-2a2f4a2f elementor-widget elementor-widget-spacer\" data-id=\"2a2f4a2f\" data-element_type=\"widget\" data-widget_type=\"spacer.default\">\n\t\t\t\t<div class=\"elementor-widget-container\">\n\t\t\t\t\t\t\t<div class=\"elementor-spacer\">\n\t\t\t<div class=\"elementor-spacer-inner\"><\/div>\n\t\t<\/div>\n\t\t\t\t\t\t<\/div>\n\t\t\t\t<\/div>\n\t\t\t\t\t<\/div>\n\t\t<\/div>\n\t\t\t\t\t<\/div>\n\t\t<\/section>\n\t\t\t\t<section class=\"elementor-section elementor-top-section elementor-element elementor-element-1c1928de elementor-section-boxed elementor-section-height-default elementor-section-height-default\" data-id=\"1c1928de\" data-element_type=\"section\">\n\t\t\t\t\t\t<div class=\"elementor-container elementor-column-gap-default\">\n\t\t\t\t\t<div class=\"elementor-column elementor-col-100 elementor-top-column elementor-element elementor-element-b08503b\" data-id=\"b08503b\" data-element_type=\"column\">\n\t\t\t<div class=\"elementor-widget-wrap elementor-element-populated\">\n\t\t\t\t\t\t<div class=\"elementor-element elementor-element-24a928d8 elementor-widget elementor-widget-heading\" data-id=\"24a928d8\" data-element_type=\"widget\" data-widget_type=\"heading.default\">\n\t\t\t\t<div class=\"elementor-widget-container\">\n\t\t\t\t\t<h4 class=\"elementor-heading-title elementor-size-default\">Unsere L\u00f6sungen<\/h4>\t\t\t\t<\/div>\n\t\t\t\t<\/div>\n\t\t\t\t\t<\/div>\n\t\t<\/div>\n\t\t\t\t\t<\/div>\n\t\t<\/section>\n\t\t\t\t<section class=\"elementor-section elementor-top-section elementor-element elementor-element-384d06ad elementor-section-boxed elementor-section-height-default elementor-section-height-default\" data-id=\"384d06ad\" data-element_type=\"section\">\n\t\t\t\t\t\t<div class=\"elementor-container elementor-column-gap-default\">\n\t\t\t\t\t<div class=\"elementor-column elementor-col-100 elementor-top-column elementor-element elementor-element-17e4be2a\" data-id=\"17e4be2a\" data-element_type=\"column\">\n\t\t\t<div class=\"elementor-widget-wrap elementor-element-populated\">\n\t\t\t\t\t\t<div class=\"elementor-element elementor-element-2702da88 elementor-widget elementor-widget-spacer\" data-id=\"2702da88\" data-element_type=\"widget\" data-widget_type=\"spacer.default\">\n\t\t\t\t<div class=\"elementor-widget-container\">\n\t\t\t\t\t\t\t<div class=\"elementor-spacer\">\n\t\t\t<div class=\"elementor-spacer-inner\"><\/div>\n\t\t<\/div>\n\t\t\t\t\t\t<\/div>\n\t\t\t\t<\/div>\n\t\t\t\t\t<\/div>\n\t\t<\/div>\n\t\t\t\t\t<\/div>\n\t\t<\/section>\n\t\t\t\t<section class=\"elementor-section elementor-top-section elementor-element elementor-element-179cc5b0 elementor-section-boxed elementor-section-height-default elementor-section-height-default\" data-id=\"179cc5b0\" data-element_type=\"section\">\n\t\t\t\t\t\t<div class=\"elementor-container elementor-column-gap-default\">\n\t\t\t\t\t<div class=\"elementor-column elementor-col-100 elementor-top-column elementor-element elementor-element-3d8035e5\" data-id=\"3d8035e5\" data-element_type=\"column\">\n\t\t\t<div class=\"elementor-widget-wrap elementor-element-populated\">\n\t\t\t\t\t\t<div class=\"elementor-element elementor-element-7fd5135f elementor-widget elementor-widget-spacer\" data-id=\"7fd5135f\" data-element_type=\"widget\" data-widget_type=\"spacer.default\">\n\t\t\t\t<div class=\"elementor-widget-container\">\n\t\t\t\t\t\t\t<div class=\"elementor-spacer\">\n\t\t\t<div class=\"elementor-spacer-inner\"><\/div>\n\t\t<\/div>\n\t\t\t\t\t\t<\/div>\n\t\t\t\t<\/div>\n\t\t\t\t<div class=\"elementor-element elementor-element-a6055fe elementor-widget elementor-widget-text-editor\" data-id=\"a6055fe\" data-element_type=\"widget\" data-widget_type=\"text-editor.default\">\n\t\t\t\t<div class=\"elementor-widget-container\">\n\t\t\t\t\t\t\t\t\t<ul class=\"irecco_check\">\n<li style=\"line-height: 30px; margin-bottom: 12px;\"><b>W\u00e4rmepumpensysteme f\u00fcr Privathaushalte<span style=\"white-space: pre;\"><br \/><\/span><\/b>Unsere W\u00e4rmepumpenl\u00f6sungen f\u00fcr Privathaushalte sorgen f\u00fcr effizientes Heizen und K\u00fchlen von H\u00e4usern und gew\u00e4hrleisten das ganze Jahr \u00fcber Komfort. Durch die Nutzung der Umgebungsluft, des Bodens oder von Wasserquellen reduzieren unsere Systeme die Abh\u00e4ngigkeit von fossilen Brennstoffen und senken sowohl die Energierechnung als auch den CO2-Fu\u00dfabdruck.<\/li>\n<li><b>Gewerbliche W\u00e4rmepumpenl\u00f6sungen<br \/><\/b>Wir bieten ma\u00dfgeschneiderte W\u00e4rmepumpeninstallationen f\u00fcr gewerbliche Geb\u00e4ude, von B\u00fcros \u00fcber Einzelhandelsfl\u00e4chen bis hin zu Industrieanlagen. Unsere Systeme sind so konzipiert, dass sie den spezifischen Heiz- und K\u00fchlanforderungen von Unternehmen gerecht werden und die Energieeffizienz und Nachhaltigkeit verbessern.<\/li>\n<li><b>Erdw\u00e4rmepumpen (Geothermie)<br \/><\/b><span style=\"font-weight: 400;\">Erdw\u00e4rmepumpen (GSHPs) nutzen die stabilen Temperaturen im Untergrund zum Heizen und K\u00fchlen. Diese Systeme sind hocheffizient und k\u00f6nnen den Energieverbrauch erheblich senken, wodurch sie sich sowohl f\u00fcr private als auch f\u00fcr gewerbliche Anwendungen eignen.<\/span><\/li>\n<li style=\"font-weight: 400;\" aria-level=\"1\"><b>Luft-W\u00e4rmepumpen<\/b><span style=\"font-weight: 400;\">:<br \/><\/span>Unsere Luft-W\u00e4rmepumpen (ASHPs) entziehen der Au\u00dfenluft W\u00e4rme, auch bei kaltem Wetter, um Ihre R\u00e4ume zu heizen und zu k\u00fchlen. Diese vielseitigen Systeme sind einfach zu installieren und zu warten und bieten eine effiziente und umweltfreundliche L\u00f6sung f\u00fcr alle Klimazonen.<\/li>\n<li style=\"font-weight: 400;\" aria-level=\"1\"><b>Wasserquellen-W\u00e4rmepumpen<br \/><\/b>Wasserquellen-W\u00e4rmepumpen nutzen Wasser aus Seen, Teichen oder unterirdischen Quellen zum hocheffizienten Heizen und K\u00fchlen. Diese Systeme sind besonders effektiv in Gebieten mit zug\u00e4nglichen Wasserquellen und k\u00f6nnen die Betriebskosten erheblich senken.<\/li>\n<li style=\"font-weight: 400;\" aria-level=\"1\"><b>Hybride W\u00e4rmepumpensysteme<br \/><\/b>F\u00fcr optimale Effizienz und Flexibilit\u00e4t bieten wir hybride W\u00e4rmepumpensysteme an, die W\u00e4rmepumpen mit herk\u00f6mmlichen Heizsystemen kombinieren. Dieser Ansatz gew\u00e4hrleistet zuverl\u00e4ssige Leistung und Energieeinsparungen, insbesondere in Regionen mit extremen Wetterbedingungen.<\/li>\n<li aria-level=\"1\"><b>Integrierte Steuerungen und intelligente Technologie<\/b><span style=\"font-weight: 400;\"> <br \/>Unsere W\u00e4rmepumpen sind mit fortschrittlichen Steuerungssystemen und intelligenter Technologie ausgestattet, die eine pr\u00e4zise Temperaturregelung und Fernverwaltung erm\u00f6glichen. Diese Funktionen erh\u00f6hen den Benutzerkomfort und optimieren die Energienutzung.<\/span><\/li>\n<li aria-level=\"1\"><b>Wartung und Support Services<\/b> <br \/>Wir bieten Ihnen umfassende Wartungs- und Serviceleistungen, um sicherzustellen, dass Ihr W\u00e4rmepumpensystem mit h\u00f6chster Effizienz arbeitet. Unsere qualifizierten Techniker stehen f\u00fcr regelm\u00e4\u00dfige \u00dcberpr\u00fcfungen, Reparaturen und Fehlerbehebungen zur Verf\u00fcgung, um eine langfristige Zuverl\u00e4ssigkeit zu gew\u00e4hrleisten.<\/li>\n<\/ul>\n\t\t\t\t\t\t\t\t<\/div>\n\t\t\t\t<\/div>\n\t\t\t\t\t<\/div>\n\t\t<\/div>\n\t\t\t\t\t<\/div>\n\t\t<\/section>\n\t\t\t\t<\/div>\n\t\t","protected":false},"excerpt":{"rendered":"<p>L\u00f6sungen f\u00fcr die Installation von W\u00e4rmepumpen Da die Nachfrage nach energieeffizienten und umweltfreundlichen Heiz- und K\u00fchll\u00f6sungen steigt, sind W\u00e4rmepumpen eine beliebte Wahl f\u00fcr private und gewerbliche Anwendungen geworden. Wir von BHN Global Energies sind darauf spezialisiert, umfassende L\u00f6sungen f\u00fcr die Installation von W\u00e4rmepumpen anzubieten, die eine zuverl\u00e4ssige, kosteneffektive und nachhaltige Klimakontrolle erm\u00f6glichen. Unsere L\u00f6sungen W\u00e4rmepumpensysteme [&hellip;]<\/p>\n","protected":false},"author":5,"featured_media":0,"parent":0,"menu_order":0,"comment_status":"closed","ping_status":"closed","template":"","meta":{"nf_dc_page":"","footnotes":""},"class_list":["post-7306","page","type-page","status-publish","hentry"],"yoast_head":"<!-- This site is optimized with the Yoast SEO plugin v24.4 - https:\/\/yoast.com\/wordpress\/plugins\/seo\/ -->\n<title>W\u00e4rmepumpen - bhn-energies.com<\/title>\n<meta name=\"robots\" content=\"index, follow, max-snippet:-1, max-image-preview:large, max-video-preview:-1\" \/>\n<link rel=\"canonical\" href=\"https:\/\/bhn-energies.com\/de\/waermepumpen\/\" \/>\n<meta property=\"og:locale\" content=\"de_DE\" \/>\n<meta property=\"og:type\" content=\"article\" \/>\n<meta property=\"og:title\" content=\"W\u00e4rmepumpen - bhn-energies.com\" \/>\n<meta property=\"og:description\" content=\"L\u00f6sungen f\u00fcr die Installation von W\u00e4rmepumpen Da die Nachfrage nach energieeffizienten und umweltfreundlichen Heiz- und K\u00fchll\u00f6sungen steigt, sind W\u00e4rmepumpen eine beliebte Wahl f\u00fcr private und gewerbliche Anwendungen geworden. Wir von BHN Global Energies sind darauf spezialisiert, umfassende L\u00f6sungen f\u00fcr die Installation von W\u00e4rmepumpen anzubieten, die eine zuverl\u00e4ssige, kosteneffektive und nachhaltige Klimakontrolle erm\u00f6glichen. Unsere L\u00f6sungen W\u00e4rmepumpensysteme [&hellip;]\" \/>\n<meta property=\"og:url\" content=\"https:\/\/bhn-energies.com\/de\/waermepumpen\/\" \/>\n<meta property=\"og:site_name\" content=\"bhn-energies.com\" \/>\n<meta property=\"article:publisher\" content=\"https:\/\/www.facebook.com\/profile.php?id=100063859522364\" \/>\n<meta property=\"article:modified_time\" content=\"2024-06-17T06:44:56+00:00\" \/>\n<meta property=\"og:image\" content=\"https:\/\/i0.wp.com\/bhn-energies.com\/wp-content\/uploads\/2024\/06\/Heat-Pump-photo.jpg?fit=1000%2C561&amp;ssl=1\" \/>\n<meta name=\"twitter:card\" content=\"summary_large_image\" \/>\n<meta name=\"twitter:site\" content=\"@bhn_gmbh\" \/>\n<meta name=\"twitter:label1\" content=\"Gesch\u00e4tzte Lesezeit\" \/>\n\t<meta name=\"twitter:data1\" content=\"2\u00a0Minuten\" \/>\n<script type=\"application\/ld+json\" class=\"yoast-schema-graph\">{\"@context\":\"https:\/\/schema.org\",\"@graph\":[{\"@type\":\"WebPage\",\"@id\":\"https:\/\/bhn-energies.com\/de\/waermepumpen\/\",\"url\":\"https:\/\/bhn-energies.com\/de\/waermepumpen\/\",\"name\":\"W\u00e4rmepumpen - bhn-energies.com\",\"isPartOf\":{\"@id\":\"https:\/\/purple-mongoose-255597.hostingersite.com\/en\/#website\"},\"primaryImageOfPage\":{\"@id\":\"https:\/\/bhn-energies.com\/de\/waermepumpen\/#primaryimage\"},\"image\":{\"@id\":\"https:\/\/bhn-energies.com\/de\/waermepumpen\/#primaryimage\"},\"thumbnailUrl\":\"https:\/\/i0.wp.com\/bhn-energies.com\/wp-content\/uploads\/2024\/06\/Heat-Pump-photo.jpg?fit=1000%2C561&amp;ssl=1\",\"datePublished\":\"2024-06-06T19:32:03+00:00\",\"dateModified\":\"2024-06-17T06:44:56+00:00\",\"breadcrumb\":{\"@id\":\"https:\/\/bhn-energies.com\/de\/waermepumpen\/#breadcrumb\"},\"inLanguage\":\"de\",\"potentialAction\":[{\"@type\":\"ReadAction\",\"target\":[\"https:\/\/bhn-energies.com\/de\/waermepumpen\/\"]}]},{\"@type\":\"ImageObject\",\"inLanguage\":\"de\",\"@id\":\"https:\/\/bhn-energies.com\/de\/waermepumpen\/#primaryimage\",\"url\":\"https:\/\/i0.wp.com\/bhn-energies.com\/wp-content\/uploads\/2024\/06\/Heat-Pump-photo.jpg?fit=1000%2C561&amp;ssl=1\",\"contentUrl\":\"https:\/\/i0.wp.com\/bhn-energies.com\/wp-content\/uploads\/2024\/06\/Heat-Pump-photo.jpg?fit=1000%2C561&amp;ssl=1\"},{\"@type\":\"BreadcrumbList\",\"@id\":\"https:\/\/bhn-energies.com\/de\/waermepumpen\/#breadcrumb\",\"itemListElement\":[{\"@type\":\"ListItem\",\"position\":1,\"name\":\"Home\",\"item\":\"https:\/\/bhn-energies.com\/de\/\"},{\"@type\":\"ListItem\",\"position\":2,\"name\":\"W\u00e4rmepumpen\"}]},{\"@type\":\"WebSite\",\"@id\":\"https:\/\/purple-mongoose-255597.hostingersite.com\/en\/#website\",\"url\":\"https:\/\/purple-mongoose-255597.hostingersite.com\/en\/\",\"name\":\"bhn-energies.com\",\"description\":\"Renewable Energy Solutions Company\",\"publisher\":{\"@id\":\"https:\/\/purple-mongoose-255597.hostingersite.com\/en\/#organization\"},\"potentialAction\":[{\"@type\":\"SearchAction\",\"target\":{\"@type\":\"EntryPoint\",\"urlTemplate\":\"https:\/\/purple-mongoose-255597.hostingersite.com\/en\/?s={search_term_string}\"},\"query-input\":{\"@type\":\"PropertyValueSpecification\",\"valueRequired\":true,\"valueName\":\"search_term_string\"}}],\"inLanguage\":\"de\"},{\"@type\":\"Organization\",\"@id\":\"https:\/\/purple-mongoose-255597.hostingersite.com\/en\/#organization\",\"name\":\"BHN Global Energies\",\"url\":\"https:\/\/purple-mongoose-255597.hostingersite.com\/en\/\",\"logo\":{\"@type\":\"ImageObject\",\"inLanguage\":\"de\",\"@id\":\"https:\/\/purple-mongoose-255597.hostingersite.com\/en\/#\/schema\/logo\/image\/\",\"url\":\"https:\/\/i0.wp.com\/bhn-energies.com\/wp-content\/uploads\/2024\/06\/cropped-logo.jpg?fit=512%2C512&ssl=1\",\"contentUrl\":\"https:\/\/i0.wp.com\/bhn-energies.com\/wp-content\/uploads\/2024\/06\/cropped-logo.jpg?fit=512%2C512&ssl=1\",\"width\":512,\"height\":512,\"caption\":\"BHN Global Energies\"},\"image\":{\"@id\":\"https:\/\/purple-mongoose-255597.hostingersite.com\/en\/#\/schema\/logo\/image\/\"},\"sameAs\":[\"https:\/\/www.facebook.com\/profile.php?id=100063859522364\",\"https:\/\/x.com\/bhn_gmbh\",\"https:\/\/www.instagram.com\/bhn_global_energies_gmbh\/\",\"https:\/\/www.linkedin.com\/in\/bhn-global-energies-gmbh-939a10311\/\"]}]}<\/script>\n<!-- \/ Yoast SEO plugin. -->","yoast_head_json":{"title":"W\u00e4rmepumpen - bhn-energies.com","robots":{"index":"index","follow":"follow","max-snippet":"max-snippet:-1","max-image-preview":"max-image-preview:large","max-video-preview":"max-video-preview:-1"},"canonical":"https:\/\/bhn-energies.com\/de\/waermepumpen\/","og_locale":"de_DE","og_type":"article","og_title":"W\u00e4rmepumpen - bhn-energies.com","og_description":"L\u00f6sungen f\u00fcr die Installation von W\u00e4rmepumpen Da die Nachfrage nach energieeffizienten und umweltfreundlichen Heiz- und K\u00fchll\u00f6sungen steigt, sind W\u00e4rmepumpen eine beliebte Wahl f\u00fcr private und gewerbliche Anwendungen geworden. Wir von BHN Global Energies sind darauf spezialisiert, umfassende L\u00f6sungen f\u00fcr die Installation von W\u00e4rmepumpen anzubieten, die eine zuverl\u00e4ssige, kosteneffektive und nachhaltige Klimakontrolle erm\u00f6glichen. Unsere L\u00f6sungen W\u00e4rmepumpensysteme [&hellip;]","og_url":"https:\/\/bhn-energies.com\/de\/waermepumpen\/","og_site_name":"bhn-energies.com","article_publisher":"https:\/\/www.facebook.com\/profile.php?id=100063859522364","article_modified_time":"2024-06-17T06:44:56+00:00","og_image":[{"url":"https:\/\/i0.wp.com\/bhn-energies.com\/wp-content\/uploads\/2024\/06\/Heat-Pump-photo.jpg?fit=1000%2C561&amp;ssl=1","type":"","width":"","height":""}],"twitter_card":"summary_large_image","twitter_site":"@bhn_gmbh","twitter_misc":{"Gesch\u00e4tzte Lesezeit":"2\u00a0Minuten"},"schema":{"@context":"https:\/\/schema.org","@graph":[{"@type":"WebPage","@id":"https:\/\/bhn-energies.com\/de\/waermepumpen\/","url":"https:\/\/bhn-energies.com\/de\/waermepumpen\/","name":"W\u00e4rmepumpen - bhn-energies.com","isPartOf":{"@id":"https:\/\/purple-mongoose-255597.hostingersite.com\/en\/#website"},"primaryImageOfPage":{"@id":"https:\/\/bhn-energies.com\/de\/waermepumpen\/#primaryimage"},"image":{"@id":"https:\/\/bhn-energies.com\/de\/waermepumpen\/#primaryimage"},"thumbnailUrl":"https:\/\/i0.wp.com\/bhn-energies.com\/wp-content\/uploads\/2024\/06\/Heat-Pump-photo.jpg?fit=1000%2C561&amp;ssl=1","datePublished":"2024-06-06T19:32:03+00:00","dateModified":"2024-06-17T06:44:56+00:00","breadcrumb":{"@id":"https:\/\/bhn-energies.com\/de\/waermepumpen\/#breadcrumb"},"inLanguage":"de","potentialAction":[{"@type":"ReadAction","target":["https:\/\/bhn-energies.com\/de\/waermepumpen\/"]}]},{"@type":"ImageObject","inLanguage":"de","@id":"https:\/\/bhn-energies.com\/de\/waermepumpen\/#primaryimage","url":"https:\/\/i0.wp.com\/bhn-energies.com\/wp-content\/uploads\/2024\/06\/Heat-Pump-photo.jpg?fit=1000%2C561&amp;ssl=1","contentUrl":"https:\/\/i0.wp.com\/bhn-energies.com\/wp-content\/uploads\/2024\/06\/Heat-Pump-photo.jpg?fit=1000%2C561&amp;ssl=1"},{"@type":"BreadcrumbList","@id":"https:\/\/bhn-energies.com\/de\/waermepumpen\/#breadcrumb","itemListElement":[{"@type":"ListItem","position":1,"name":"Home","item":"https:\/\/bhn-energies.com\/de\/"},{"@type":"ListItem","position":2,"name":"W\u00e4rmepumpen"}]},{"@type":"WebSite","@id":"https:\/\/purple-mongoose-255597.hostingersite.com\/en\/#website","url":"https:\/\/purple-mongoose-255597.hostingersite.com\/en\/","name":"bhn-energies.com","description":"Renewable Energy Solutions Company","publisher":{"@id":"https:\/\/purple-mongoose-255597.hostingersite.com\/en\/#organization"},"potentialAction":[{"@type":"SearchAction","target":{"@type":"EntryPoint","urlTemplate":"https:\/\/purple-mongoose-255597.hostingersite.com\/en\/?s={search_term_string}"},"query-input":{"@type":"PropertyValueSpecification","valueRequired":true,"valueName":"search_term_string"}}],"inLanguage":"de"},{"@type":"Organization","@id":"https:\/\/purple-mongoose-255597.hostingersite.com\/en\/#organization","name":"BHN Global Energies","url":"https:\/\/purple-mongoose-255597.hostingersite.com\/en\/","logo":{"@type":"ImageObject","inLanguage":"de","@id":"https:\/\/purple-mongoose-255597.hostingersite.com\/en\/#\/schema\/logo\/image\/","url":"https:\/\/i0.wp.com\/bhn-energies.com\/wp-content\/uploads\/2024\/06\/cropped-logo.jpg?fit=512%2C512&ssl=1","contentUrl":"https:\/\/i0.wp.com\/bhn-energies.com\/wp-content\/uploads\/2024\/06\/cropped-logo.jpg?fit=512%2C512&ssl=1","width":512,"height":512,"caption":"BHN Global Energies"},"image":{"@id":"https:\/\/purple-mongoose-255597.hostingersite.com\/en\/#\/schema\/logo\/image\/"},"sameAs":["https:\/\/www.facebook.com\/profile.php?id=100063859522364","https:\/\/x.com\/bhn_gmbh","https:\/\/www.instagram.com\/bhn_global_energies_gmbh\/","https:\/\/www.linkedin.com\/in\/bhn-global-energies-gmbh-939a10311\/"]}]}},"_links":{"self":[{"href":"https:\/\/bhn-energies.com\/de\/wp-json\/wp\/v2\/pages\/7306"}],"collection":[{"href":"https:\/\/bhn-energies.com\/de\/wp-json\/wp\/v2\/pages"}],"about":[{"href":"https:\/\/bhn-energies.com\/de\/wp-json\/wp\/v2\/types\/page"}],"author":[{"embeddable":true,"href":"https:\/\/bhn-energies.com\/de\/wp-json\/wp\/v2\/users\/5"}],"replies":[{"embeddable":true,"href":"https:\/\/bhn-energies.com\/de\/wp-json\/wp\/v2\/comments?post=7306"}],"version-history":[{"count":1,"href":"https:\/\/bhn-energies.com\/de\/wp-json\/wp\/v2\/pages\/7306\/revisions"}],"predecessor-version":[{"id":7307,"href":"https:\/\/bhn-energies.com\/de\/wp-json\/wp\/v2\/pages\/7306\/revisions\/7307"}],"wp:attachment":[{"href":"https:\/\/bhn-energies.com\/de\/wp-json\/wp\/v2\/media?parent=7306"}],"curies":[{"name":"wp","href":"https:\/\/api.w.org\/{rel}","templated":true}]}}